{"id":1991,"date":"2026-01-02T01:19:14","date_gmt":"2026-01-02T01:19:14","guid":{"rendered":"https:\/\/demo.ezask.cn\/?post_type=product&#038;p=1991"},"modified":"2026-03-30T06:37:32","modified_gmt":"2026-03-30T06:37:32","slug":"attach-telescopic-work-platform","status":"publish","type":"product","link":"https:\/\/vansecm.com\/tr\/product\/attach-telescopic-work-platform\/","title":{"rendered":"Teleskopik \u00c7al\u0131\u015fma Platformu"},"content":{"rendered":"<p>\u00c7ok a\u015famal\u0131 teleskopik bomlu teleskopik hava \u00e7al\u0131\u015fma platformu, \u00e7al\u0131\u015fma y\u00fcksekli\u011fi ve menzilini esnek ayarlar. G\u00fcvenlik kilitleri, kaymaz ayak plakalar\u0131 ve g\u00fcvenlik korkuluklar\u0131yla donat\u0131lm\u0131\u015f olup karma\u015f\u0131k y\u00fcksek irtifa \u00e7al\u0131\u015fma senaryolar\u0131na uygundur.<\/p>\n\n\n\n<p>Uygulamalar: Bina cephe in\u015faat\u0131, tabela montaj\u0131, enerji hatt\u0131 bak\u0131m\u0131, stadyum tesis bak\u0131m\u0131 ve a\u011fa\u00e7 budama gibi y\u00fcksek irtifa \u00e7al\u0131\u015fma senaryolar\u0131 i\u00e7in uygundur. \u00d6zellikle s\u0131n\u0131rl\u0131 alan veya da\u011f\u0131lm\u0131\u015f \u00e7al\u0131\u015fma noktalar\u0131na sahip ortamlar i\u00e7in idealdir.<\/p>\n\n\n<style>.wp-block-kadence-advancedgallery .kb-gallery-type-grid.kb-gallery-id-1991_fb59c3-27{margin:-10px;}.kb-gallery-type-grid.kb-gallery-id-1991_fb59c3-27 .kadence-blocks-gallery-item{padding:10px;}.kb-gallery-id-1991_fb59c3-27 .kadence-blocks-gallery-item .kb-gal-image-radius, .kb-gallery-id-1991_fb59c3-27 .kb-slide-item .kb-gal-image-radius img{border-radius:0px 0px 0px 0px;;}<\/style><div class=\"kb-gallery-wrap-id-1991_fb59c3-27 alignnone wp-block-kadence-advancedgallery\"><ul class=\"kb-gallery-ul kb-gallery-non-static kb-gallery-type-grid kb-gallery-id-1991_fb59c3-27 kb-gallery-caption-style-bottom-hover kb-gallery-filter-none\" data-image-filter=\"none\" data-item-selector=\".kadence-blocks-gallery-item\" data-lightbox-caption=\"true\" data-columns-xxl=\"2\" data-columns-xl=\"2\" data-columns-md=\"2\" data-columns-sm=\"2\" data-columns-xs=\"1\" data-columns-ss=\"1\"><li class=\"kadence-blocks-gallery-item\" tabindex=\"0\"><div class=\"kadence-blocks-gallery-item-inner\"><figure class=\"kb-gallery-figure kadence-blocks-gallery-item-hide-caption\"><div class=\"kb-gal-image-radius\"><div class=\"kb-gallery-image-contain kadence-blocks-gallery-intrinsic kb-gallery-image-ratio-square kb-has-image-ratio-square\" ><img loading=\"lazy\" decoding=\"async\" src=\"https:\/\/vansecm.com\/wp-content\/uploads\/2026\/01\/telescopic-work-platform-4.jpg\" width=\"600\" height=\"600\" alt=\"\" data-full-image=\"https:\/\/vansecm.com\/wp-content\/uploads\/2026\/01\/telescopic-work-platform-4.jpg\" data-light-image=\"https:\/\/vansecm.com\/wp-content\/uploads\/2026\/01\/telescopic-work-platform-4.jpg\" data-id=\"3054\" class=\"wp-image-3054\" srcset=\"https:\/\/vansecm.com\/wp-content\/uploads\/2026\/01\/telescopic-work-platform-4.jpg 600w, https:\/\/vansecm.com\/wp-content\/uploads\/2026\/01\/telescopic-work-platform-4-300x300.jpg 300w, https:\/\/vansecm.com\/wp-content\/uploads\/2026\/01\/telescopic-work-platform-4-150x150.jpg 150w, https:\/\/vansecm.com\/wp-content\/uploads\/2026\/01\/telescopic-work-platform-4-12x12.jpg 12w\" sizes=\"auto, (max-width: 600px) 100vw, 600px\" \/><\/div><\/div><\/figure><\/div><\/li><li class=\"kadence-blocks-gallery-item\" tabindex=\"0\"><div class=\"kadence-blocks-gallery-item-inner\"><figure class=\"kb-gallery-figure kadence-blocks-gallery-item-hide-caption\"><div class=\"kb-gal-image-radius\"><div class=\"kb-gallery-image-contain kadence-blocks-gallery-intrinsic kb-gallery-image-ratio-square kb-has-image-ratio-square\" ><img loading=\"lazy\" decoding=\"async\" src=\"https:\/\/vansecm.com\/wp-content\/uploads\/2026\/01\/telescopic-work-platform-5.jpg\" width=\"600\" height=\"600\" alt=\"\" data-full-image=\"https:\/\/vansecm.com\/wp-content\/uploads\/2026\/01\/telescopic-work-platform-5.jpg\" data-light-image=\"https:\/\/vansecm.com\/wp-content\/uploads\/2026\/01\/telescopic-work-platform-5.jpg\" data-id=\"3055\" class=\"wp-image-3055\" srcset=\"https:\/\/vansecm.com\/wp-content\/uploads\/2026\/01\/telescopic-work-platform-5.jpg 600w, https:\/\/vansecm.com\/wp-content\/uploads\/2026\/01\/telescopic-work-platform-5-300x300.jpg 300w, https:\/\/vansecm.com\/wp-content\/uploads\/2026\/01\/telescopic-work-platform-5-150x150.jpg 150w, https:\/\/vansecm.com\/wp-content\/uploads\/2026\/01\/telescopic-work-platform-5-12x12.jpg 12w\" sizes=\"auto, (max-width: 600px) 100vw, 600px\" \/><\/div><\/div><\/figure><\/div><\/li><\/ul><\/div>","protected":false},"featured_media":1964,"parent":0,"template":"","meta":{"_acf_changed":true,"_kad_blocks_custom_css":"","_kad_blocks_head_custom_js":"","_kad_blocks_body_custom_js":"","_kad_blocks_footer_custom_js":"","_kad_post_transparent":"","_kad_post_title":"","_kad_post_layout":"","_kad_post_sidebar_id":"","_kad_post_content_style":"","_kad_post_vertical_padding":"","_kad_post_feature":"","_kad_post_feature_position":"","_kad_post_header":false,"_kad_post_footer":false,"_kad_post_classname":""},"tags":[],"product-category":[7,41],"class_list":["post-1991","product","type-product","status-publish","has-post-thumbnail","hentry","product-category-attachments","product-category-telehandler-attachments"],"acf":[],"taxonomy_info":{"product-category":[{"value":7,"label":"Attachments"},{"value":41,"label":"Telehandler Attachments"}]},"featured_image_src_large":["https:\/\/vansecm.com\/wp-content\/uploads\/2026\/01\/telescopic-work-platform.jpg",1000,500,false],"author_info":[],"comment_info":"","_links":{"self":[{"href":"https:\/\/vansecm.com\/tr\/wp-json\/wp\/v2\/product\/1991","targetHints":{"allow":["GET"]}}],"collection":[{"href":"https:\/\/vansecm.com\/tr\/wp-json\/wp\/v2\/product"}],"about":[{"href":"https:\/\/vansecm.com\/tr\/wp-json\/wp\/v2\/types\/product"}],"wp:featuredmedia":[{"embeddable":true,"href":"https:\/\/vansecm.com\/tr\/wp-json\/wp\/v2\/media\/1964"}],"wp:attachment":[{"href":"https:\/\/vansecm.com\/tr\/wp-json\/wp\/v2\/media?parent=1991"}],"wp:term":[{"taxonomy":"post_tag","embeddable":true,"href":"https:\/\/vansecm.com\/tr\/wp-json\/wp\/v2\/tags?post=1991"},{"taxonomy":"product-category","embeddable":true,"href":"https:\/\/vansecm.com\/tr\/wp-json\/wp\/v2\/product-category?post=1991"}],"curies":[{"name":"wp","href":"https:\/\/api.w.org\/{rel}","templated":true}]}}