{"id":1990,"date":"2026-01-02T01:20:26","date_gmt":"2026-01-02T01:20:26","guid":{"rendered":"https:\/\/demo.ezask.cn\/?post_type=product&#038;p=1990"},"modified":"2026-03-30T06:20:22","modified_gmt":"2026-03-30T06:20:22","slug":"attach-all-aluminum-standard-platform","status":"publish","type":"product","link":"https:\/\/vansecm.com\/tr\/product\/attach-all-aluminum-standard-platform\/","title":{"rendered":"Tam Al\u00fcminyum Standart Platform"},"content":{"rendered":"<p>Hafif ve y\u00fcksek dayan\u0131ml\u0131 al\u00fcminyum ala\u015f\u0131m\u0131ndan \u00fcretilmi\u015f olup hafif olmas\u0131na ra\u011fmen y\u00fck ta\u015f\u0131ma gereksinimlerini kar\u015f\u0131lar. Kaymaz ayak plakalar\u0131, g\u00fcvenlik korkuluklar\u0131 ve h\u0131zl\u0131 ba\u011flant\u0131 cihazlar\u0131yla donat\u0131lm\u0131\u015ft\u0131r. Uzatmal\u0131 forklift \u00e7atallar\u0131na h\u0131zl\u0131 monte edilir, stabil hava \u00e7al\u0131\u015fma platformu sa\u011flar ve personel g\u00fcvenli\u011fini garanti eder.<\/p>\n\n\n\n<p>Uygulamalar: Bina cephe bak\u0131m\u0131, ekipman onar\u0131m\u0131, depo y\u00fcksek seviyeli malzeme elle\u00e7lemesi, stadyum tesis bak\u0131m\u0131 ve enerji hatt\u0131 denetimi gibi y\u00fcksek irtifa operasyonlar\u0131 i\u00e7in uygundur, \u00f6zellikle a\u011f\u0131rl\u0131k hassasiyeti olan \u00e7al\u0131\u015fma ortamlar\u0131 i\u00e7in idealdir.<\/p>\n\n\n<style>.wp-block-kadence-advancedgallery .kb-gallery-type-grid.kb-gallery-id-1990_20e6bc-56{margin:-10px;}.kb-gallery-type-grid.kb-gallery-id-1990_20e6bc-56 .kadence-blocks-gallery-item{padding:10px;}.kb-gallery-id-1990_20e6bc-56 .kadence-blocks-gallery-item .kb-gal-image-radius, .kb-gallery-id-1990_20e6bc-56 .kb-slide-item .kb-gal-image-radius img{border-radius:0px 0px 0px 0px;;}<\/style><div class=\"kb-gallery-wrap-id-1990_20e6bc-56 alignnone wp-block-kadence-advancedgallery\"><ul class=\"kb-gallery-ul kb-gallery-non-static kb-gallery-type-grid kb-gallery-id-1990_20e6bc-56 kb-gallery-caption-style-bottom-hover kb-gallery-filter-none\" data-image-filter=\"none\" data-item-selector=\".kadence-blocks-gallery-item\" data-lightbox-caption=\"true\" data-columns-xxl=\"2\" data-columns-xl=\"2\" data-columns-md=\"2\" data-columns-sm=\"2\" data-columns-xs=\"1\" data-columns-ss=\"1\"><li class=\"kadence-blocks-gallery-item\" tabindex=\"0\"><div class=\"kadence-blocks-gallery-item-inner\"><figure class=\"kb-gallery-figure kadence-blocks-gallery-item-hide-caption\"><div class=\"kb-gal-image-radius\" style=\"max-width:600px;\"><div class=\"kb-gallery-image-contain kadence-blocks-gallery-intrinsic kb-gallery-image-ratio-inherit kb-has-image-ratio-inherit\" style=\"padding-bottom:100%;\"><img loading=\"lazy\" decoding=\"async\" src=\"https:\/\/vansecm.com\/wp-content\/uploads\/2026\/01\/All-Aluminum-Standard-Platform-2.jpg\" width=\"600\" height=\"600\" alt=\"\" data-full-image=\"https:\/\/vansecm.com\/wp-content\/uploads\/2026\/01\/All-Aluminum-Standard-Platform-2.jpg\" data-light-image=\"https:\/\/vansecm.com\/wp-content\/uploads\/2026\/01\/All-Aluminum-Standard-Platform-2.jpg\" data-id=\"3015\" class=\"wp-image-3015\" srcset=\"https:\/\/vansecm.com\/wp-content\/uploads\/2026\/01\/All-Aluminum-Standard-Platform-2.jpg 600w, https:\/\/vansecm.com\/wp-content\/uploads\/2026\/01\/All-Aluminum-Standard-Platform-2-300x300.jpg 300w, https:\/\/vansecm.com\/wp-content\/uploads\/2026\/01\/All-Aluminum-Standard-Platform-2-150x150.jpg 150w, https:\/\/vansecm.com\/wp-content\/uploads\/2026\/01\/All-Aluminum-Standard-Platform-2-12x12.jpg 12w\" sizes=\"auto, (max-width: 600px) 100vw, 600px\" \/><\/div><\/div><\/figure><\/div><\/li><li class=\"kadence-blocks-gallery-item\" tabindex=\"0\"><div class=\"kadence-blocks-gallery-item-inner\"><figure class=\"kb-gallery-figure kadence-blocks-gallery-item-hide-caption\"><div class=\"kb-gal-image-radius\" style=\"max-width:600px;\"><div class=\"kb-gallery-image-contain kadence-blocks-gallery-intrinsic kb-gallery-image-ratio-inherit kb-has-image-ratio-inherit\" style=\"padding-bottom:100%;\"><img loading=\"lazy\" decoding=\"async\" src=\"https:\/\/vansecm.com\/wp-content\/uploads\/2026\/01\/All-Aluminum-Standard-Platform-4.jpg\" width=\"600\" height=\"600\" alt=\"\" data-full-image=\"https:\/\/vansecm.com\/wp-content\/uploads\/2026\/01\/All-Aluminum-Standard-Platform-4.jpg\" data-light-image=\"https:\/\/vansecm.com\/wp-content\/uploads\/2026\/01\/All-Aluminum-Standard-Platform-4.jpg\" data-id=\"3016\" class=\"wp-image-3016\" srcset=\"https:\/\/vansecm.com\/wp-content\/uploads\/2026\/01\/All-Aluminum-Standard-Platform-4.jpg 600w, https:\/\/vansecm.com\/wp-content\/uploads\/2026\/01\/All-Aluminum-Standard-Platform-4-300x300.jpg 300w, https:\/\/vansecm.com\/wp-content\/uploads\/2026\/01\/All-Aluminum-Standard-Platform-4-150x150.jpg 150w, https:\/\/vansecm.com\/wp-content\/uploads\/2026\/01\/All-Aluminum-Standard-Platform-4-12x12.jpg 12w\" sizes=\"auto, (max-width: 600px) 100vw, 600px\" \/><\/div><\/div><\/figure><\/div><\/li><\/ul><\/div>","protected":false},"featured_media":1965,"parent":0,"template":"","meta":{"_acf_changed":true,"_kad_blocks_custom_css":"","_kad_blocks_head_custom_js":"","_kad_blocks_body_custom_js":"","_kad_blocks_footer_custom_js":"","_kad_post_transparent":"","_kad_post_title":"","_kad_post_layout":"","_kad_post_sidebar_id":"","_kad_post_content_style":"","_kad_post_vertical_padding":"","_kad_post_feature":"","_kad_post_feature_position":"","_kad_post_header":false,"_kad_post_footer":false,"_kad_post_classname":""},"tags":[],"product-category":[7,41],"class_list":["post-1990","product","type-product","status-publish","has-post-thumbnail","hentry","product-category-attachments","product-category-telehandler-attachments"],"acf":[],"taxonomy_info":{"product-category":[{"value":7,"label":"Attachments"},{"value":41,"label":"Telehandler Attachments"}]},"featured_image_src_large":["https:\/\/vansecm.com\/wp-content\/uploads\/2026\/01\/all-aluminum-standard-platform.jpg",1000,500,false],"author_info":[],"comment_info":"","_links":{"self":[{"href":"https:\/\/vansecm.com\/tr\/wp-json\/wp\/v2\/product\/1990","targetHints":{"allow":["GET"]}}],"collection":[{"href":"https:\/\/vansecm.com\/tr\/wp-json\/wp\/v2\/product"}],"about":[{"href":"https:\/\/vansecm.com\/tr\/wp-json\/wp\/v2\/types\/product"}],"wp:featuredmedia":[{"embeddable":true,"href":"https:\/\/vansecm.com\/tr\/wp-json\/wp\/v2\/media\/1965"}],"wp:attachment":[{"href":"https:\/\/vansecm.com\/tr\/wp-json\/wp\/v2\/media?parent=1990"}],"wp:term":[{"taxonomy":"post_tag","embeddable":true,"href":"https:\/\/vansecm.com\/tr\/wp-json\/wp\/v2\/tags?post=1990"},{"taxonomy":"product-category","embeddable":true,"href":"https:\/\/vansecm.com\/tr\/wp-json\/wp\/v2\/product-category?post=1990"}],"curies":[{"name":"wp","href":"https:\/\/api.w.org\/{rel}","templated":true}]}}