{"id":1984,"date":"2026-01-02T01:24:01","date_gmt":"2026-01-02T01:24:01","guid":{"rendered":"https:\/\/demo.ezask.cn\/?post_type=product&#038;p=1984"},"modified":"2026-03-30T06:20:17","modified_gmt":"2026-03-30T06:20:17","slug":"attach-agriculture-bucket","status":"publish","type":"product","link":"https:\/\/vansecm.com\/tr\/product\/attach-agriculture-bucket\/","title":{"rendered":"Tar\u0131m Kovas\u0131"},"content":{"rendered":"<p>Tek par\u00e7a y\u00fcksek a\u015f\u0131nma diren\u00e7li ala\u015f\u0131ml\u0131 \u00e7elikten \u00fcretilmi\u015f kal\u0131n tabanl\u0131 yap\u0131, y\u00fcksek yo\u011funluklu kazma ve a\u011f\u0131r hizmet elle\u00e7lemeye dayan\u0131kl\u0131d\u0131r. \u00c7e\u015fitli uzatmal\u0131 forklift \u00e7atallar\u0131na uyum sa\u011flar, h\u0131zl\u0131 monte edilir ve kenarlar\u0131nda de\u011fi\u015ftirilebilir a\u015f\u0131nma \u015feritleri bulunur, hizmet \u00f6mr\u00fcn\u00fc \u00f6nemli \u00f6l\u00e7\u00fcde uzat\u0131r.Uygulamalar: \u00c7iftliklerde tah\u0131l, yem, kum ve g\u00fcbre k\u00fcreme; saman ve kal\u0131nt\u0131 temizleme; veya hayvanc\u0131l\u0131k \u00e7iftliklerinde silaj ve yatakl\u0131k ta\u015f\u0131ma; tar\u0131msal verimlili\u011fi ve operasyon esnekli\u011fini art\u0131r\u0131r.<\/p>\n\n\n<style>.wp-block-kadence-advancedgallery .kb-gallery-type-grid.kb-gallery-id-1984_9063ab-b9{margin:-10px;}.kb-gallery-type-grid.kb-gallery-id-1984_9063ab-b9 .kadence-blocks-gallery-item{padding:10px;}.kb-gallery-id-1984_9063ab-b9 .kadence-blocks-gallery-item .kb-gal-image-radius, .kb-gallery-id-1984_9063ab-b9 .kb-slide-item .kb-gal-image-radius img{border-radius:0px 0px 0px 0px;;}<\/style><div class=\"kb-gallery-wrap-id-1984_9063ab-b9 alignnone wp-block-kadence-advancedgallery\"><ul class=\"kb-gallery-ul kb-gallery-non-static kb-gallery-type-grid kb-gallery-id-1984_9063ab-b9 kb-gallery-caption-style-bottom-hover kb-gallery-filter-none\" data-image-filter=\"none\" data-item-selector=\".kadence-blocks-gallery-item\" data-lightbox-caption=\"true\" data-columns-xxl=\"2\" data-columns-xl=\"2\" data-columns-md=\"2\" data-columns-sm=\"2\" data-columns-xs=\"1\" data-columns-ss=\"1\"><li class=\"kadence-blocks-gallery-item\" tabindex=\"0\"><div class=\"kadence-blocks-gallery-item-inner\"><figure class=\"kb-gallery-figure kadence-blocks-gallery-item-hide-caption\"><div class=\"kb-gal-image-radius\"><div class=\"kb-gallery-image-contain kadence-blocks-gallery-intrinsic kb-gallery-image-ratio-square kb-has-image-ratio-square\" ><img loading=\"lazy\" decoding=\"async\" src=\"https:\/\/vansecm.com\/wp-content\/uploads\/2026\/01\/Agriculture-Bucket-1.jpg\" width=\"600\" height=\"600\" alt=\"\" data-full-image=\"https:\/\/vansecm.com\/wp-content\/uploads\/2026\/01\/Agriculture-Bucket-1.jpg\" data-light-image=\"https:\/\/vansecm.com\/wp-content\/uploads\/2026\/01\/Agriculture-Bucket-1.jpg\" data-id=\"3002\" class=\"wp-image-3002\" srcset=\"https:\/\/vansecm.com\/wp-content\/uploads\/2026\/01\/Agriculture-Bucket-1.jpg 600w, https:\/\/vansecm.com\/wp-content\/uploads\/2026\/01\/Agriculture-Bucket-1-300x300.jpg 300w, https:\/\/vansecm.com\/wp-content\/uploads\/2026\/01\/Agriculture-Bucket-1-150x150.jpg 150w, https:\/\/vansecm.com\/wp-content\/uploads\/2026\/01\/Agriculture-Bucket-1-12x12.jpg 12w\" sizes=\"auto, (max-width: 600px) 100vw, 600px\" \/><\/div><\/div><\/figure><\/div><\/li><li class=\"kadence-blocks-gallery-item\" tabindex=\"0\"><div class=\"kadence-blocks-gallery-item-inner\"><figure class=\"kb-gallery-figure kadence-blocks-gallery-item-hide-caption\"><div class=\"kb-gal-image-radius\"><div class=\"kb-gallery-image-contain kadence-blocks-gallery-intrinsic kb-gallery-image-ratio-square kb-has-image-ratio-square\" ><img loading=\"lazy\" decoding=\"async\" src=\"https:\/\/vansecm.com\/wp-content\/uploads\/2026\/01\/Agriculture-Bucket-5.jpg\" width=\"600\" height=\"600\" alt=\"\" data-full-image=\"https:\/\/vansecm.com\/wp-content\/uploads\/2026\/01\/Agriculture-Bucket-5.jpg\" data-light-image=\"https:\/\/vansecm.com\/wp-content\/uploads\/2026\/01\/Agriculture-Bucket-5.jpg\" data-id=\"3001\" class=\"wp-image-3001\" srcset=\"https:\/\/vansecm.com\/wp-content\/uploads\/2026\/01\/Agriculture-Bucket-5.jpg 600w, https:\/\/vansecm.com\/wp-content\/uploads\/2026\/01\/Agriculture-Bucket-5-300x300.jpg 300w, https:\/\/vansecm.com\/wp-content\/uploads\/2026\/01\/Agriculture-Bucket-5-150x150.jpg 150w, https:\/\/vansecm.com\/wp-content\/uploads\/2026\/01\/Agriculture-Bucket-5-12x12.jpg 12w\" sizes=\"auto, (max-width: 600px) 100vw, 600px\" \/><\/div><\/div><\/figure><\/div><\/li><\/ul><\/div>","protected":false},"featured_media":1969,"parent":0,"template":"","meta":{"_acf_changed":true,"_kad_blocks_custom_css":"","_kad_blocks_head_custom_js":"","_kad_blocks_body_custom_js":"","_kad_blocks_footer_custom_js":"","_kad_post_transparent":"","_kad_post_title":"","_kad_post_layout":"","_kad_post_sidebar_id":"","_kad_post_content_style":"","_kad_post_vertical_padding":"","_kad_post_feature":"","_kad_post_feature_position":"","_kad_post_header":false,"_kad_post_footer":false,"_kad_post_classname":""},"tags":[],"product-category":[7,41],"class_list":["post-1984","product","type-product","status-publish","has-post-thumbnail","hentry","product-category-attachments","product-category-telehandler-attachments"],"acf":[],"taxonomy_info":{"product-category":[{"value":7,"label":"Attachments"},{"value":41,"label":"Telehandler Attachments"}]},"featured_image_src_large":["https:\/\/vansecm.com\/wp-content\/uploads\/2026\/01\/Agriculture-bucket.jpg",1000,500,false],"author_info":[],"comment_info":"","_links":{"self":[{"href":"https:\/\/vansecm.com\/tr\/wp-json\/wp\/v2\/product\/1984","targetHints":{"allow":["GET"]}}],"collection":[{"href":"https:\/\/vansecm.com\/tr\/wp-json\/wp\/v2\/product"}],"about":[{"href":"https:\/\/vansecm.com\/tr\/wp-json\/wp\/v2\/types\/product"}],"wp:featuredmedia":[{"embeddable":true,"href":"https:\/\/vansecm.com\/tr\/wp-json\/wp\/v2\/media\/1969"}],"wp:attachment":[{"href":"https:\/\/vansecm.com\/tr\/wp-json\/wp\/v2\/media?parent=1984"}],"wp:term":[{"taxonomy":"post_tag","embeddable":true,"href":"https:\/\/vansecm.com\/tr\/wp-json\/wp\/v2\/tags?post=1984"},{"taxonomy":"product-category","embeddable":true,"href":"https:\/\/vansecm.com\/tr\/wp-json\/wp\/v2\/product-category?post=1984"}],"curies":[{"name":"wp","href":"https:\/\/api.w.org\/{rel}","templated":true}]}}