{"id":3,"date":"2025-11-25T08:49:17","date_gmt":"2025-11-25T08:49:17","guid":{"rendered":"http:\/\/demo.ezask.cn\/?page_id=3"},"modified":"2026-03-18T03:10:50","modified_gmt":"2026-03-18T03:10:50","slug":"privacy-policy","status":"publish","type":"page","link":"https:\/\/vansecm.com\/tr\/privacy-policy\/","title":{"rendered":"Gizlilik Politikas\u0131"},"content":{"rendered":"<p><strong>Y\u00fcr\u00fcrl\u00fck Tarihi:<\/strong> 2025\/11\/25<\/p>\n\n\n\n<h3 class=\"wp-block-heading\">1. Giri\u015f<\/h3>\n\n\n\n<p>Vanse (\u201cbiz\u201d, \u201cbizim\u201d veya \u201cbize ait\u201d), gizlili\u011finizi korumaya ve ki\u015fisel verilerinizin g\u00fcvenli ve sorumlu bir \u015fekilde i\u015flenmesini sa\u011flamaya kararl\u0131d\u0131r.<\/p>\n\n\n\n<p>Bu Gizlilik Politikas\u0131, web sitemizi ziyaret etti\u011finizde bilgilerinizi nas\u0131l toplad\u0131\u011f\u0131m\u0131z\u0131, kulland\u0131\u011f\u0131m\u0131z\u0131, if\u015fa etti\u011fimizi ve korudu\u011fumuzu a\u00e7\u0131klar.<\/p>\n\n\n\n<h3 class=\"wp-block-heading\">2. Toplad\u0131\u011f\u0131m\u0131z Bilgiler<\/h3>\n\n\n\n<p>A\u015fa\u011f\u0131daki bilgi t\u00fcrlerini toplay\u0131p i\u015fleyebiliriz:<\/p>\n\n\n\n<h4 class=\"wp-block-heading\">2.1 Ki\u015fisel Bilgiler<\/h4>\n\n\n\n<p>G\u00f6n\u00fcll\u00fc olarak sa\u011flad\u0131\u011f\u0131n\u0131z bilgiler, dahil olmak \u00fczere:<\/p>\n\n\n\n<ul class=\"wp-block-list\">\n<li>Tam ad<\/li>\n\n\n\n<li>E-posta adresi<\/li>\n\n\n\n<li>Telefon numaras\u0131<\/li>\n\n\n\n<li>\u015eirket ad\u0131<\/li>\n\n\n\n<li>Formlar veya talepler arac\u0131l\u0131\u011f\u0131yla g\u00f6nderilen di\u011fer herhangi bir bilgi<\/li>\n<\/ul>\n\n\n\n<h4 class=\"wp-block-heading\">2.2 Otomatik Olarak Toplanan Veriler<\/h4>\n\n\n\n<p>Web sitemizi ziyaret etti\u011finizde otomatik olarak toplayabiliriz:<\/p>\n\n\n\n<ul class=\"wp-block-list\">\n<li>IP adresi<\/li>\n\n\n\n<li>Taray\u0131c\u0131 t\u00fcr\u00fc ve s\u00fcr\u00fcm\u00fc<\/li>\n\n\n\n<li>Cihaz bilgileri<\/li>\n\n\n\n<li>Ziyaret edilen sayfalar ve ge\u00e7irilen s\u00fcre<\/li>\n\n\n\n<li>Y\u00f6nlendiren web sitesi<\/li>\n<\/ul>\n\n\n\n<h3 class=\"wp-block-heading\">3. Bilgilerinizi Kullanma \u015eeklimiz<\/h3>\n\n\n\n<p>Toplanan verileri a\u015fa\u011f\u0131daki ama\u00e7larla kullan\u0131r\u0131z:<\/p>\n\n\n\n<ul class=\"wp-block-list\">\n<li>Taleplerinize ve isteklerinize yan\u0131t vermek<\/li>\n\n\n\n<li>Teklif veya \u00fcr\u00fcn bilgisi sa\u011flamak<\/li>\n\n\n\n<li>Web sitesi performans\u0131n\u0131 ve kullan\u0131c\u0131 deneyimini iyile\u015ftirmek<\/li>\n\n\n\n<li>G\u00fcncellemeler, hizmetler veya tan\u0131t\u0131m i\u00e7erikleriyle ileti\u015fim kurmak (uygulan\u0131rsa)<\/li>\n\n\n\n<li>Yasal y\u00fck\u00fcml\u00fcl\u00fcklere uymak<\/li>\n<\/ul>\n\n\n\n<h3 class=\"wp-block-heading\">4. \u0130\u015fleme Yasal Dayanak (GDPR)<\/h3>\n\n\n\n<p>Avrupa Ekonomik Alan\u0131 (AEA) i\u00e7inde bulunuyorsan\u0131z, verilerinizi \u015fu temellere dayanarak i\u015fleriz:<\/p>\n\n\n\n<ul class=\"wp-block-list\">\n<li>Onay\u0131n\u0131z<\/li>\n\n\n\n<li>S\u00f6zle\u015fme yerine getirme zorunlulu\u011fu<\/li>\n\n\n\n<li>Yasal y\u00fck\u00fcml\u00fcl\u00fcklere uyum<\/li>\n\n\n\n<li>Me\u015fru ticari \u00e7\u0131karlar<\/li>\n<\/ul>\n\n\n\n<h3 class=\"wp-block-heading\">5. \u00c7erezler ve \u0130zleme Teknolojileri<\/h3>\n\n\n\n<p>\u00c7erezler ve benzer teknolojileri \u015fu ama\u00e7larla kullan\u0131r\u0131z:<\/p>\n\n\n\n<ul class=\"wp-block-list\">\n<li>Web sitesi i\u015flevselli\u011fini art\u0131rmak<\/li>\n\n\n\n<li>Web sitesi trafi\u011fini ve kullan\u0131m\u0131n\u0131 analiz etmek<\/li>\n\n\n\n<li>Kullan\u0131c\u0131 deneyimini iyile\u015ftirmek<\/li>\n<\/ul>\n\n\n\n<p>\u00c7erezleri taray\u0131c\u0131 ayarlar\u0131n\u0131zdan devre d\u0131\u015f\u0131 b\u0131rakabilirsiniz. Ancak web sitesinin baz\u0131 \u00f6zellikleri d\u00fczg\u00fcn \u00e7al\u0131\u015fmayabilir.<\/p>\n\n\n\n<h3 class=\"wp-block-heading\">6. Veri Payla\u015f\u0131m\u0131 ve \u0130f\u015fas\u0131<\/h3>\n\n\n\n<p>Ki\u015fisel verilerinizi satmaz, kiralamaz veya takas etmeyiz.<\/p>\n\n\n\n<p>Bilgilerinizi \u015fu taraflarla payla\u015fabiliriz:<\/p>\n\n\n\n<ul class=\"wp-block-list\">\n<li>G\u00fcvenilir hizmet sa\u011flay\u0131c\u0131lar (\u00f6r. bar\u0131nd\u0131rma, analiz)<\/li>\n\n\n\n<li>Yasal olarak zorunlu tutulursa yasal makamlar<\/li>\n\n\n\n<li>Talebinizi yerine getirmek i\u00e7in gerekli oldu\u011funda i\u015f ortaklar\u0131<\/li>\n<\/ul>\n\n\n\n<p>T\u00fcm \u00fc\u00e7\u00fcnc\u00fc taraflar verilerinizi korumakla y\u00fck\u00fcml\u00fcd\u00fcr.<\/p>\n\n\n\n<h3 class=\"wp-block-heading\">7. Uluslararas\u0131 Veri Aktar\u0131mlar\u0131<\/h3>\n\n\n\n<p>Uluslararas\u0131 bir i\u015fletme olarak, bilgileriniz yarg\u0131 alan\u0131n\u0131z\u0131n d\u0131\u015f\u0131ndaki \u00fclkelere aktar\u0131labilir ve orada i\u015flenebilir.<\/p>\n\n\n\n<p>Verilerinizi korumak i\u00e7in uygun \u00f6nlemlerin al\u0131nd\u0131\u011f\u0131ndan emin oluruz.<\/p>\n\n\n\n<h3 class=\"wp-block-heading\">8. Veri Saklama<\/h3>\n\n\n\n<p>Ki\u015fisel verilerinizi yaln\u0131zca \u015fu s\u00fcre kadar saklar\u0131z:<\/p>\n\n\n\n<ul class=\"wp-block-list\">\n<li>Bu politikada belirtilen ama\u00e7lar\u0131 yerine getirmek<\/li>\n\n\n\n<li>Yasal y\u00fck\u00fcml\u00fcl\u00fcklere uymak<\/li>\n\n\n\n<li>Uyu\u015fmazl\u0131klar\u0131 \u00e7\u00f6zmek ve anla\u015fmalar\u0131 uygulamak<\/li>\n<\/ul>\n\n\n\n<h3 class=\"wp-block-heading\">9. Veri G\u00fcvenli\u011fi<\/h3>\n\n\n\n<p>Verilerinizi yetkisiz eri\u015fim, de\u011fi\u015fiklik, if\u015fa veya yok edilmeden korumak i\u00e7in uygun teknik ve organizasyonel \u00f6nlemler uygular\u0131z.<\/p>\n\n\n\n<h3 class=\"wp-block-heading\">10. Haklar\u0131n\u0131z<\/h3>\n\n\n\n<p>Konumunuza ba\u011fl\u0131 olarak a\u015fa\u011f\u0131daki haklara sahip olabilirsiniz:<\/p>\n\n\n\n<ul class=\"wp-block-list\">\n<li>Ki\u015fisel verilerinize eri\u015fim<\/li>\n\n\n\n<li>Yanl\u0131\u015f verilerin d\u00fczeltilmesini talep etmek<\/li>\n\n\n\n<li>Verilerinizin silinmesini talep etmek<\/li>\n\n\n\n<li>\u0130\u015flemeyi k\u0131s\u0131tlama veya itiraz etme<\/li>\n\n\n\n<li>Onay\u0131 her zaman geri \u00e7ekme<\/li>\n<\/ul>\n\n\n\n<p>Haklar\u0131n\u0131z\u0131 kullanmak i\u00e7in l\u00fctfen bizimle ileti\u015fime ge\u00e7in.<\/p>\n\n\n\n<h3 class=\"wp-block-heading\">11. \u00dc\u00e7\u00fcnc\u00fc Taraf Ba\u011flant\u0131lar\u0131<\/h3>\n\n\n\n<p>Web sitemiz harici web sitelerine ba\u011flant\u0131lar i\u00e7erebilir.<br>Bu web sitelerinin gizlilik uygulamalar\u0131ndan veya i\u00e7eri\u011finden sorumlu de\u011filiz.<\/p>\n\n\n\n<h3 class=\"wp-block-heading\">12. \u00c7ocuklar\u0131n Gizlili\u011fi<\/h3>\n\n\n\n<p>Hizmetlerimiz 16 ya\u015f alt\u0131ndaki bireylere y\u00f6nelik de\u011fildir.<br>\u00c7ocuklardan bilin\u00e7li olarak ki\u015fisel veri toplamay\u0131z.<\/p>\n\n\n\n<h3 class=\"wp-block-heading\">13. Bu Gizlilik Politikas\u0131ndaki G\u00fcncellemeler<\/h3>\n\n\n\n<p>Bu Gizlilik Politikas\u0131n\u0131 periyodik olarak g\u00fcncelleyebiliriz.<br>De\u011fi\u015fiklikler bu sayfada g\u00fcncellenmi\u015f y\u00fcr\u00fcrl\u00fck tarihiyle yay\u0131nlanacakt\u0131r.<\/p>\n\n\n\n<h3 class=\"wp-block-heading\">14. \u0130leti\u015fim Bilgileri<\/h3>\n\n\n\n<p>Bu Gizlilik Politikas\u0131 hakk\u0131nda herhangi bir sorunuz veya endi\u015feniz varsa l\u00fctfen bizimle ileti\u015fime ge\u00e7in:<\/p>\n\n\n\n<p><strong>\u015eirket Ad\u0131:<\/strong> Vanse Group<br><strong>E-posta:<\/strong> <a>sales015@vanse.cc<\/a><br><strong>Telefon \/ WhatsApp:<\/strong> (+86) 184 6214 6182<br><strong>Adres:<\/strong> \u00c7in, Shandong Eyaleti, Jining \u015eehri, Yanzhou Ekonomik Kalk\u0131nma B\u00f6lgesi, Chuangye Yolu No. 88<\/p>\n\n\n\n<h3 class=\"wp-block-heading\">15. GDPR Uyum Beyan\u0131<\/h3>\n\n\n\n<p>Genel Veri Koruma Y\u00f6netmeli\u011fi (GDPR) ile uyum sa\u011flamak ve verilerinizin yasal, \u015feffaf ve g\u00fcvenli bir \u015fekilde i\u015flenmesini sa\u011flamak i\u00e7in kararl\u0131y\u0131z.<\/p>","protected":false},"excerpt":{"rendered":"<p>Y\u00fcr\u00fcrl\u00fck Tarihi: 2025\/11\/25 1. Giri\u015f Vanse (\u201cbiz\u201d, \u201cbizim\u201d veya \u201cbize ait\u201d), gizlili\u011finizi korumaya ve ki\u015fisel verilerinizin g\u00fcvenli ve sorumlu bir \u015fekilde i\u015flenmesini sa\u011flamaya kararl\u0131d\u0131r. Bu Gizlilik Politikas\u0131, web sitemizi ziyaret etti\u011finizde bilgilerinizi nas\u0131l toplad\u0131\u011f\u0131m\u0131z\u0131, kulland\u0131\u011f\u0131m\u0131z\u0131, if\u015fa etti\u011fimizi ve korudu\u011fumuzu a\u00e7\u0131klar. 2. Toplad\u0131\u011f\u0131m\u0131z Bilgiler Toplayabiliriz\u2026<\/p>","protected":false},"author":1,"featured_media":0,"parent":0,"menu_order":0,"comment_status":"closed","ping_status":"open","template":"","meta":{"_acf_changed":false,"_kad_blocks_custom_css":"","_kad_blocks_head_custom_js":"","_kad_blocks_body_custom_js":"","_kad_blocks_footer_custom_js":"","_kad_post_transparent":"","_kad_post_title":"show","_kad_post_layout":"normal","_kad_post_sidebar_id":"","_kad_post_content_style":"boxed","_kad_post_vertical_padding":"show","_kad_post_feature":"","_kad_post_feature_position":"","_kad_post_header":false,"_kad_post_footer":false,"_kad_post_classname":"","footnotes":""},"class_list":["post-3","page","type-page","status-publish","hentry"],"acf":[],"taxonomy_info":[],"featured_image_src_large":false,"author_info":{"display_name":"yiyunyingalex","author_link":"https:\/\/vansecm.com\/tr\/author\/yiyunyingalex\/"},"comment_info":"","_links":{"self":[{"href":"https:\/\/vansecm.com\/tr\/wp-json\/wp\/v2\/pages\/3","targetHints":{"allow":["GET"]}}],"collection":[{"href":"https:\/\/vansecm.com\/tr\/wp-json\/wp\/v2\/pages"}],"about":[{"href":"https:\/\/vansecm.com\/tr\/wp-json\/wp\/v2\/types\/page"}],"author":[{"embeddable":true,"href":"https:\/\/vansecm.com\/tr\/wp-json\/wp\/v2\/users\/1"}],"replies":[{"embeddable":true,"href":"https:\/\/vansecm.com\/tr\/wp-json\/wp\/v2\/comments?post=3"}],"version-history":[{"count":3,"href":"https:\/\/vansecm.com\/tr\/wp-json\/wp\/v2\/pages\/3\/revisions"}],"predecessor-version":[{"id":3325,"href":"https:\/\/vansecm.com\/tr\/wp-json\/wp\/v2\/pages\/3\/revisions\/3325"}],"wp:attachment":[{"href":"https:\/\/vansecm.com\/tr\/wp-json\/wp\/v2\/media?parent=3"}],"curies":[{"name":"wp","href":"https:\/\/api.w.org\/{rel}","templated":true}]}}