{"id":1992,"date":"2026-01-02T01:18:41","date_gmt":"2026-01-02T01:18:41","guid":{"rendered":"https:\/\/demo.ezask.cn\/?post_type=product&#038;p=1992"},"modified":"2026-03-30T06:37:27","modified_gmt":"2026-03-30T06:37:27","slug":"attach-snowplow","status":"publish","type":"product","link":"https:\/\/vansecm.com\/pl\/product\/attach-snowplow\/","title":{"rendered":"P\u0142ug \u015bnie\u017cny"},"content":{"rendered":"<p>Wysokowytrzyma\u0142e lemiesze od\u015bnie\u017carki wykonane z odpornego na zu\u017cycie stopu, szybko usuwaj\u0105ce \u015bnieg i l\u00f3d z dr\u00f3g. Regulowany k\u0105t dostosowuje si\u0119 do r\u00f3\u017cnych grubo\u015bci \u015bniegu i warunk\u00f3w drogowych, zapewniaj\u0105c bezpieczny przejazd zim\u0105.<\/p>\n\n\n\n<p>Scenariusze zastosowa\u0144: Od\u015bnie\u017canie dr\u00f3g, parking\u00f3w, pas\u00f3w startowych lotnisk, dr\u00f3g fabrycznych i stok\u00f3w narciarskich zim\u0105, poprawiaj\u0105ce zimow\u0105 p\u0142ynno\u015b\u0107 ruchu i efektywno\u015b\u0107 operacji oraz zmniejszaj\u0105ce skutki katastrof \u015bnie\u017cnych.<\/p>\n\n\n<style>.wp-block-kadence-advancedgallery .kb-gallery-type-grid.kb-gallery-id-1992_abc92e-8a{margin:-10px;}.kb-gallery-type-grid.kb-gallery-id-1992_abc92e-8a .kadence-blocks-gallery-item{padding:10px;}.kb-gallery-id-1992_abc92e-8a .kadence-blocks-gallery-item .kb-gal-image-radius, .kb-gallery-id-1992_abc92e-8a .kb-slide-item .kb-gal-image-radius img{border-radius:0px 0px 0px 0px;;}<\/style><div class=\"kb-gallery-wrap-id-1992_abc92e-8a alignnone wp-block-kadence-advancedgallery\"><ul class=\"kb-gallery-ul kb-gallery-non-static kb-gallery-type-grid kb-gallery-id-1992_abc92e-8a kb-gallery-caption-style-bottom-hover kb-gallery-filter-none\" data-image-filter=\"none\" data-item-selector=\".kadence-blocks-gallery-item\" data-lightbox-caption=\"true\" data-columns-xxl=\"2\" data-columns-xl=\"2\" data-columns-md=\"2\" data-columns-sm=\"2\" data-columns-xs=\"1\" data-columns-ss=\"1\"><li class=\"kadence-blocks-gallery-item\" tabindex=\"0\"><div class=\"kadence-blocks-gallery-item-inner\"><figure class=\"kb-gallery-figure kadence-blocks-gallery-item-hide-caption\"><div class=\"kb-gal-image-radius\"><div class=\"kb-gallery-image-contain kadence-blocks-gallery-intrinsic kb-gallery-image-ratio-square kb-has-image-ratio-square\" ><img loading=\"lazy\" decoding=\"async\" src=\"https:\/\/vansecm.com\/wp-content\/uploads\/2026\/01\/snowplow-2.jpg\" width=\"600\" height=\"600\" alt=\"\" data-full-image=\"https:\/\/vansecm.com\/wp-content\/uploads\/2026\/01\/snowplow-2.jpg\" data-light-image=\"https:\/\/vansecm.com\/wp-content\/uploads\/2026\/01\/snowplow-2.jpg\" data-id=\"3047\" class=\"wp-image-3047\" srcset=\"https:\/\/vansecm.com\/wp-content\/uploads\/2026\/01\/snowplow-2.jpg 600w, https:\/\/vansecm.com\/wp-content\/uploads\/2026\/01\/snowplow-2-300x300.jpg 300w, https:\/\/vansecm.com\/wp-content\/uploads\/2026\/01\/snowplow-2-150x150.jpg 150w, https:\/\/vansecm.com\/wp-content\/uploads\/2026\/01\/snowplow-2-12x12.jpg 12w\" sizes=\"auto, (max-width: 600px) 100vw, 600px\" \/><\/div><\/div><\/figure><\/div><\/li><li class=\"kadence-blocks-gallery-item\" tabindex=\"0\"><div class=\"kadence-blocks-gallery-item-inner\"><figure class=\"kb-gallery-figure kadence-blocks-gallery-item-hide-caption\"><div class=\"kb-gal-image-radius\"><div class=\"kb-gallery-image-contain kadence-blocks-gallery-intrinsic kb-gallery-image-ratio-square kb-has-image-ratio-square\" ><img loading=\"lazy\" decoding=\"async\" src=\"https:\/\/vansecm.com\/wp-content\/uploads\/2026\/01\/snowplow-5.jpg\" width=\"600\" height=\"600\" alt=\"\" data-full-image=\"https:\/\/vansecm.com\/wp-content\/uploads\/2026\/01\/snowplow-5.jpg\" data-light-image=\"https:\/\/vansecm.com\/wp-content\/uploads\/2026\/01\/snowplow-5.jpg\" data-id=\"3048\" class=\"wp-image-3048\" srcset=\"https:\/\/vansecm.com\/wp-content\/uploads\/2026\/01\/snowplow-5.jpg 600w, https:\/\/vansecm.com\/wp-content\/uploads\/2026\/01\/snowplow-5-300x300.jpg 300w, https:\/\/vansecm.com\/wp-content\/uploads\/2026\/01\/snowplow-5-150x150.jpg 150w, https:\/\/vansecm.com\/wp-content\/uploads\/2026\/01\/snowplow-5-12x12.jpg 12w\" sizes=\"auto, (max-width: 600px) 100vw, 600px\" \/><\/div><\/div><\/figure><\/div><\/li><\/ul><\/div>","protected":false},"featured_media":1963,"parent":0,"template":"","meta":{"_acf_changed":false,"_kad_blocks_custom_css":"","_kad_blocks_head_custom_js":"","_kad_blocks_body_custom_js":"","_kad_blocks_footer_custom_js":"","_kad_post_transparent":"","_kad_post_title":"","_kad_post_layout":"","_kad_post_sidebar_id":"","_kad_post_content_style":"","_kad_post_vertical_padding":"","_kad_post_feature":"","_kad_post_feature_position":"","_kad_post_header":false,"_kad_post_footer":false,"_kad_post_classname":""},"tags":[],"product-category":[7,41],"class_list":["post-1992","product","type-product","status-publish","has-post-thumbnail","hentry","product-category-attachments","product-category-telehandler-attachments"],"acf":[],"taxonomy_info":{"product-category":[{"value":7,"label":"Attachments"},{"value":41,"label":"Telehandler Attachments"}]},"featured_image_src_large":["https:\/\/vansecm.com\/wp-content\/uploads\/2026\/01\/snowplow.jpg",1000,500,false],"author_info":[],"comment_info":"","_links":{"self":[{"href":"https:\/\/vansecm.com\/pl\/wp-json\/wp\/v2\/product\/1992","targetHints":{"allow":["GET"]}}],"collection":[{"href":"https:\/\/vansecm.com\/pl\/wp-json\/wp\/v2\/product"}],"about":[{"href":"https:\/\/vansecm.com\/pl\/wp-json\/wp\/v2\/types\/product"}],"wp:featuredmedia":[{"embeddable":true,"href":"https:\/\/vansecm.com\/pl\/wp-json\/wp\/v2\/media\/1963"}],"wp:attachment":[{"href":"https:\/\/vansecm.com\/pl\/wp-json\/wp\/v2\/media?parent=1992"}],"wp:term":[{"taxonomy":"post_tag","embeddable":true,"href":"https:\/\/vansecm.com\/pl\/wp-json\/wp\/v2\/tags?post=1992"},{"taxonomy":"product-category","embeddable":true,"href":"https:\/\/vansecm.com\/pl\/wp-json\/wp\/v2\/product-category?post=1992"}],"curies":[{"name":"wp","href":"https:\/\/api.w.org\/{rel}","templated":true}]}}