{"id":1981,"date":"2026-01-02T01:27:25","date_gmt":"2026-01-02T01:27:25","guid":{"rendered":"https:\/\/demo.ezask.cn\/?post_type=product&#038;p=1981"},"modified":"2026-03-30T06:20:26","modified_gmt":"2026-03-30T06:20:26","slug":"attach-forklift","status":"publish","type":"product","link":"https:\/\/vansecm.com\/pl\/product\/attach-forklift\/","title":{"rendered":"W\u00f3zek wid\u0142owy"},"content":{"rendered":"<p>Standardowe wid\u0142y hartowane wykonane ze stali stopowej wysokiej wytrzyma\u0142o\u015bci z obr\u00f3bk\u0105 hartuj\u0105c\u0105 powierzchni\u0119, oferuj\u0105ce stabiln\u0105 no\u015bno\u015b\u0107 i doskona\u0142\u0105 odporno\u015b\u0107 na zginanie. Szybko wymienialne, dostosowane do efektywnego obs\u0142ugi \u0142adunk\u00f3w paletowych, poprawiaj\u0105ce efektywno\u015b\u0107 obrotu logistycznego.<\/p>\n\n\n\n<p>Scenariusze zastosowa\u0144: Za\u0142adunek, roz\u0142adunek, sk\u0142adowanie i kr\u00f3tkodystansowe przenoszenie \u0142adunk\u00f3w paletowych w magazynach, centrach logistycznych i warsztatach fabrycznych. Odpowiednie dla bran\u017c e-commerce, produkcyjnej i detalicznej, szczeg\u00f3lnie do obs\u0142ugi towar\u00f3w w ciasnych przestrzeniach.<\/p>\n\n\n<style>.wp-block-kadence-advancedgallery .kb-gallery-type-grid.kb-gallery-id-1981_0d6ae3-f0{margin:-10px;}.kb-gallery-type-grid.kb-gallery-id-1981_0d6ae3-f0 .kadence-blocks-gallery-item{padding:10px;}.kb-gallery-id-1981_0d6ae3-f0 .kadence-blocks-gallery-item .kb-gal-image-radius, .kb-gallery-id-1981_0d6ae3-f0 .kb-slide-item .kb-gal-image-radius img{border-radius:0px 0px 0px 0px;;}<\/style><div class=\"kb-gallery-wrap-id-1981_0d6ae3-f0 alignnone wp-block-kadence-advancedgallery\"><ul class=\"kb-gallery-ul kb-gallery-non-static kb-gallery-type-grid kb-gallery-id-1981_0d6ae3-f0 kb-gallery-caption-style-bottom-hover kb-gallery-filter-none\" data-image-filter=\"none\" data-item-selector=\".kadence-blocks-gallery-item\" data-lightbox-caption=\"true\" data-columns-xxl=\"2\" data-columns-xl=\"2\" data-columns-md=\"2\" data-columns-sm=\"2\" data-columns-xs=\"1\" data-columns-ss=\"1\"><li class=\"kadence-blocks-gallery-item\" tabindex=\"0\"><div class=\"kadence-blocks-gallery-item-inner\"><figure class=\"kb-gallery-figure kadence-blocks-gallery-item-hide-caption\"><div class=\"kb-gal-image-radius\" style=\"max-width:600px;\"><div class=\"kb-gallery-image-contain kadence-blocks-gallery-intrinsic kb-gallery-image-ratio-inherit kb-has-image-ratio-inherit\" style=\"padding-bottom:100%;\"><img loading=\"lazy\" decoding=\"async\" src=\"https:\/\/vansecm.com\/wp-content\/uploads\/2026\/01\/Forklift-2-1.jpg\" width=\"600\" height=\"600\" alt=\"\" data-full-image=\"https:\/\/vansecm.com\/wp-content\/uploads\/2026\/01\/Forklift-2-1.jpg\" data-light-image=\"https:\/\/vansecm.com\/wp-content\/uploads\/2026\/01\/Forklift-2-1.jpg\" data-id=\"3019\" class=\"wp-image-3019\" srcset=\"https:\/\/vansecm.com\/wp-content\/uploads\/2026\/01\/Forklift-2-1.jpg 600w, https:\/\/vansecm.com\/wp-content\/uploads\/2026\/01\/Forklift-2-1-300x300.jpg 300w, https:\/\/vansecm.com\/wp-content\/uploads\/2026\/01\/Forklift-2-1-150x150.jpg 150w, https:\/\/vansecm.com\/wp-content\/uploads\/2026\/01\/Forklift-2-1-12x12.jpg 12w\" sizes=\"auto, (max-width: 600px) 100vw, 600px\" \/><\/div><\/div><\/figure><\/div><\/li><li class=\"kadence-blocks-gallery-item\" tabindex=\"0\"><div class=\"kadence-blocks-gallery-item-inner\"><figure class=\"kb-gallery-figure kadence-blocks-gallery-item-hide-caption\"><div class=\"kb-gal-image-radius\" style=\"max-width:600px;\"><div class=\"kb-gallery-image-contain kadence-blocks-gallery-intrinsic kb-gallery-image-ratio-inherit kb-has-image-ratio-inherit\" style=\"padding-bottom:100%;\"><img loading=\"lazy\" decoding=\"async\" src=\"https:\/\/vansecm.com\/wp-content\/uploads\/2026\/01\/Forklift-4.jpg\" width=\"600\" height=\"600\" alt=\"\" data-full-image=\"https:\/\/vansecm.com\/wp-content\/uploads\/2026\/01\/Forklift-4.jpg\" data-light-image=\"https:\/\/vansecm.com\/wp-content\/uploads\/2026\/01\/Forklift-4.jpg\" data-id=\"3021\" class=\"wp-image-3021\" srcset=\"https:\/\/vansecm.com\/wp-content\/uploads\/2026\/01\/Forklift-4.jpg 600w, https:\/\/vansecm.com\/wp-content\/uploads\/2026\/01\/Forklift-4-300x300.jpg 300w, https:\/\/vansecm.com\/wp-content\/uploads\/2026\/01\/Forklift-4-150x150.jpg 150w, https:\/\/vansecm.com\/wp-content\/uploads\/2026\/01\/Forklift-4-12x12.jpg 12w\" sizes=\"auto, (max-width: 600px) 100vw, 600px\" \/><\/div><\/div><\/figure><\/div><\/li><\/ul><\/div>","protected":false},"featured_media":1972,"parent":0,"template":"","meta":{"_acf_changed":true,"_kad_blocks_custom_css":"","_kad_blocks_head_custom_js":"","_kad_blocks_body_custom_js":"","_kad_blocks_footer_custom_js":"","_kad_post_transparent":"","_kad_post_title":"","_kad_post_layout":"","_kad_post_sidebar_id":"","_kad_post_content_style":"","_kad_post_vertical_padding":"","_kad_post_feature":"","_kad_post_feature_position":"","_kad_post_header":false,"_kad_post_footer":false,"_kad_post_classname":""},"tags":[],"product-category":[7,41],"class_list":["post-1981","product","type-product","status-publish","has-post-thumbnail","hentry","product-category-attachments","product-category-telehandler-attachments"],"acf":[],"taxonomy_info":{"product-category":[{"value":7,"label":"Attachments"},{"value":41,"label":"Telehandler Attachments"}]},"featured_image_src_large":["https:\/\/vansecm.com\/wp-content\/uploads\/2026\/01\/forklift.jpg",1000,500,false],"author_info":[],"comment_info":"","_links":{"self":[{"href":"https:\/\/vansecm.com\/pl\/wp-json\/wp\/v2\/product\/1981","targetHints":{"allow":["GET"]}}],"collection":[{"href":"https:\/\/vansecm.com\/pl\/wp-json\/wp\/v2\/product"}],"about":[{"href":"https:\/\/vansecm.com\/pl\/wp-json\/wp\/v2\/types\/product"}],"wp:featuredmedia":[{"embeddable":true,"href":"https:\/\/vansecm.com\/pl\/wp-json\/wp\/v2\/media\/1972"}],"wp:attachment":[{"href":"https:\/\/vansecm.com\/pl\/wp-json\/wp\/v2\/media?parent=1981"}],"wp:term":[{"taxonomy":"post_tag","embeddable":true,"href":"https:\/\/vansecm.com\/pl\/wp-json\/wp\/v2\/tags?post=1981"},{"taxonomy":"product-category","embeddable":true,"href":"https:\/\/vansecm.com\/pl\/wp-json\/wp\/v2\/product-category?post=1981"}],"curies":[{"name":"wp","href":"https:\/\/api.w.org\/{rel}","templated":true}]}}