{"id":1979,"date":"2026-01-02T01:28:40","date_gmt":"2026-01-02T01:28:40","guid":{"rendered":"https:\/\/demo.ezask.cn\/?post_type=product&#038;p=1979"},"modified":"2026-03-30T06:37:08","modified_gmt":"2026-03-30T06:37:08","slug":"attach-mixed-hay-clip","status":"publish","type":"product","link":"https:\/\/vansecm.com\/pl\/product\/attach-mixed-hay-clip\/","title":{"rendered":"Mieszany chwytak do siana"},"content":{"rendered":"<p>Dedykowany chwytak do siana z \u0142ukowato z\u0119bat\u0105 konstrukcj\u0105, bezpiecznie chwytaj\u0105cy mieszane siano, kiszonk\u0119, s\u0142om\u0119 i inne materia\u0142y sianowe, zapobiegaj\u0105c rozsypywaniu si\u0119 podczas chwytania. Du\u017cy k\u0105t otwarcia ramion chwytaka dostosowuje si\u0119 do r\u00f3\u017cnych obj\u0119to\u015bci siana, poprawiaj\u0105c efektywno\u015b\u0107 obs\u0142ugi.<\/p>\n\n\n\n<p>Scenariusze zastosowa\u0144: Do za\u0142adunku, roz\u0142adunku, przenoszenia i sk\u0142adowania siana w ranczach i m\u0142ynach paszowych, dostosowane do potrzeb zarz\u0105dzania pasz\u0105 w du\u017cych hodowlach, szczeg\u00f3lnie odpowiednie do obrotu sianem w du\u017cych fermach hodowlanych.<\/p>\n\n\n<style>.wp-block-kadence-advancedgallery .kb-gallery-type-grid.kb-gallery-id-1979_4f6b9d-a8{margin:-10px;}.kb-gallery-type-grid.kb-gallery-id-1979_4f6b9d-a8 .kadence-blocks-gallery-item{padding:10px;}.kb-gallery-id-1979_4f6b9d-a8 .kadence-blocks-gallery-item .kb-gal-image-radius, .kb-gallery-id-1979_4f6b9d-a8 .kb-slide-item .kb-gal-image-radius img{border-radius:0px 0px 0px 0px;;}<\/style><div class=\"kb-gallery-wrap-id-1979_4f6b9d-a8 alignnone wp-block-kadence-advancedgallery\"><ul class=\"kb-gallery-ul kb-gallery-non-static kb-gallery-type-grid kb-gallery-id-1979_4f6b9d-a8 kb-gallery-caption-style-bottom-hover kb-gallery-filter-none\" data-image-filter=\"none\" data-item-selector=\".kadence-blocks-gallery-item\" data-lightbox-caption=\"true\" data-columns-xxl=\"2\" data-columns-xl=\"2\" data-columns-md=\"2\" data-columns-sm=\"2\" data-columns-xs=\"1\" data-columns-ss=\"1\"><li class=\"kadence-blocks-gallery-item\" tabindex=\"0\"><div class=\"kadence-blocks-gallery-item-inner\"><figure class=\"kb-gallery-figure kadence-blocks-gallery-item-hide-caption\"><div class=\"kb-gal-image-radius\"><div class=\"kb-gallery-image-contain kadence-blocks-gallery-intrinsic kb-gallery-image-ratio-square kb-has-image-ratio-square\" ><img loading=\"lazy\" decoding=\"async\" width=\"600\" height=\"600\" src=\"https:\/\/vansecm.com\/wp-content\/uploads\/2026\/01\/mixed-hay-clip-2.jpg\"   alt=\"\" data-full-image=\"https:\/\/vansecm.com\/wp-content\/uploads\/2026\/01\/mixed-hay-clip-2.jpg\" data-light-image=\"https:\/\/vansecm.com\/wp-content\/uploads\/2026\/01\/mixed-hay-clip-2.jpg\" data-id=\"3035\" class=\"wp-image-3035\" srcset=\"https:\/\/vansecm.com\/wp-content\/uploads\/2026\/01\/mixed-hay-clip-2.jpg 600w, https:\/\/vansecm.com\/wp-content\/uploads\/2026\/01\/mixed-hay-clip-2-300x300.jpg 300w, https:\/\/vansecm.com\/wp-content\/uploads\/2026\/01\/mixed-hay-clip-2-150x150.jpg 150w, https:\/\/vansecm.com\/wp-content\/uploads\/2026\/01\/mixed-hay-clip-2-12x12.jpg 12w\" sizes=\"auto, (max-width: 600px) 100vw, 600px\" \/><\/div><\/div><\/figure><\/div><\/li><li class=\"kadence-blocks-gallery-item\" tabindex=\"0\"><div class=\"kadence-blocks-gallery-item-inner\"><figure class=\"kb-gallery-figure kadence-blocks-gallery-item-hide-caption\"><div class=\"kb-gal-image-radius\"><div class=\"kb-gallery-image-contain kadence-blocks-gallery-intrinsic kb-gallery-image-ratio-square kb-has-image-ratio-square\" ><img loading=\"lazy\" decoding=\"async\" width=\"600\" height=\"600\" src=\"https:\/\/vansecm.com\/wp-content\/uploads\/2026\/01\/mixed-hay-clip-1-1.jpg\"   alt=\"\" data-full-image=\"https:\/\/vansecm.com\/wp-content\/uploads\/2026\/01\/mixed-hay-clip-1-1.jpg\" data-light-image=\"https:\/\/vansecm.com\/wp-content\/uploads\/2026\/01\/mixed-hay-clip-1-1.jpg\" data-id=\"3034\" class=\"wp-image-3034\" srcset=\"https:\/\/vansecm.com\/wp-content\/uploads\/2026\/01\/mixed-hay-clip-1-1.jpg 600w, https:\/\/vansecm.com\/wp-content\/uploads\/2026\/01\/mixed-hay-clip-1-1-300x300.jpg 300w, https:\/\/vansecm.com\/wp-content\/uploads\/2026\/01\/mixed-hay-clip-1-1-150x150.jpg 150w, https:\/\/vansecm.com\/wp-content\/uploads\/2026\/01\/mixed-hay-clip-1-1-12x12.jpg 12w\" sizes=\"auto, (max-width: 600px) 100vw, 600px\" \/><\/div><\/div><\/figure><\/div><\/li><\/ul><\/div>","protected":false},"featured_media":1973,"parent":0,"template":"","meta":{"_acf_changed":true,"_kad_blocks_custom_css":"","_kad_blocks_head_custom_js":"","_kad_blocks_body_custom_js":"","_kad_blocks_footer_custom_js":"","_kad_post_transparent":"","_kad_post_title":"","_kad_post_layout":"","_kad_post_sidebar_id":"","_kad_post_content_style":"","_kad_post_vertical_padding":"","_kad_post_feature":"","_kad_post_feature_position":"","_kad_post_header":false,"_kad_post_footer":false,"_kad_post_classname":""},"tags":[],"product-category":[7,41],"class_list":["post-1979","product","type-product","status-publish","has-post-thumbnail","hentry","product-category-attachments","product-category-telehandler-attachments"],"acf":[],"taxonomy_info":{"product-category":[{"value":7,"label":"Attachments"},{"value":41,"label":"Telehandler Attachments"}]},"featured_image_src_large":["https:\/\/vansecm.com\/wp-content\/uploads\/2026\/01\/mixed-hay-clip.jpg",1000,500,false],"author_info":[],"comment_info":"","_links":{"self":[{"href":"https:\/\/vansecm.com\/pl\/wp-json\/wp\/v2\/product\/1979","targetHints":{"allow":["GET"]}}],"collection":[{"href":"https:\/\/vansecm.com\/pl\/wp-json\/wp\/v2\/product"}],"about":[{"href":"https:\/\/vansecm.com\/pl\/wp-json\/wp\/v2\/types\/product"}],"wp:featuredmedia":[{"embeddable":true,"href":"https:\/\/vansecm.com\/pl\/wp-json\/wp\/v2\/media\/1973"}],"wp:attachment":[{"href":"https:\/\/vansecm.com\/pl\/wp-json\/wp\/v2\/media?parent=1979"}],"wp:term":[{"taxonomy":"post_tag","embeddable":true,"href":"https:\/\/vansecm.com\/pl\/wp-json\/wp\/v2\/tags?post=1979"},{"taxonomy":"product-category","embeddable":true,"href":"https:\/\/vansecm.com\/pl\/wp-json\/wp\/v2\/product-category?post=1979"}],"curies":[{"name":"wp","href":"https:\/\/api.w.org\/{rel}","templated":true}]}}