{"id":1992,"date":"2026-01-02T01:18:41","date_gmt":"2026-01-02T01:18:41","guid":{"rendered":"https:\/\/demo.ezask.cn\/?post_type=product&#038;p=1992"},"modified":"2026-03-30T06:37:27","modified_gmt":"2026-03-30T06:37:27","slug":"attach-snowplow","status":"publish","type":"product","link":"https:\/\/vansecm.com\/fr\/product\/attach-snowplow\/","title":{"rendered":"D\u00e9neigeuse"},"content":{"rendered":"<p>Lames de d\u00e9neigeuse haute r\u00e9sistance en alliage r\u00e9sistant \u00e0 l\u2019usure, d\u00e9gageant rapidement neige et glace des routes. Angle r\u00e9glable s\u2019adaptant \u00e0 diff\u00e9rentes \u00e9paisseurs de neige et conditions routi\u00e8res, assurant un passage s\u00e9curis\u00e9 en hiver.<\/p>\n\n\n\n<p>Sc\u00e9narios d\u2019Application : D\u00e9neigement des routes, parkings, pistes d\u2019a\u00e9roport, routes d\u2019usine et stations de ski en hiver, am\u00e9liorant la circulation hivernale et l\u2019efficacit\u00e9 op\u00e9rationnelle tout en r\u00e9duisant l\u2019impact des catastrophes neigeuses.<\/p>\n\n\n<style>.wp-block-kadence-advancedgallery .kb-gallery-type-grid.kb-gallery-id-1992_abc92e-8a{margin:-10px;}.kb-gallery-type-grid.kb-gallery-id-1992_abc92e-8a .kadence-blocks-gallery-item{padding:10px;}.kb-gallery-id-1992_abc92e-8a .kadence-blocks-gallery-item .kb-gal-image-radius, .kb-gallery-id-1992_abc92e-8a .kb-slide-item .kb-gal-image-radius img{border-radius:0px 0px 0px 0px;;}<\/style><div class=\"kb-gallery-wrap-id-1992_abc92e-8a alignnone wp-block-kadence-advancedgallery\"><ul class=\"kb-gallery-ul kb-gallery-non-static kb-gallery-type-grid kb-gallery-id-1992_abc92e-8a kb-gallery-caption-style-bottom-hover kb-gallery-filter-none\" data-image-filter=\"none\" data-item-selector=\".kadence-blocks-gallery-item\" data-lightbox-caption=\"true\" data-columns-xxl=\"2\" data-columns-xl=\"2\" data-columns-md=\"2\" data-columns-sm=\"2\" data-columns-xs=\"1\" data-columns-ss=\"1\"><li class=\"kadence-blocks-gallery-item\" tabindex=\"0\"><div class=\"kadence-blocks-gallery-item-inner\"><figure class=\"kb-gallery-figure kadence-blocks-gallery-item-hide-caption\"><div class=\"kb-gal-image-radius\"><div class=\"kb-gallery-image-contain kadence-blocks-gallery-intrinsic kb-gallery-image-ratio-square kb-has-image-ratio-square\" ><img loading=\"lazy\" decoding=\"async\" src=\"https:\/\/vansecm.com\/wp-content\/uploads\/2026\/01\/snowplow-2.jpg\" width=\"600\" height=\"600\" alt=\"\" data-full-image=\"https:\/\/vansecm.com\/wp-content\/uploads\/2026\/01\/snowplow-2.jpg\" data-light-image=\"https:\/\/vansecm.com\/wp-content\/uploads\/2026\/01\/snowplow-2.jpg\" data-id=\"3047\" class=\"wp-image-3047\" srcset=\"https:\/\/vansecm.com\/wp-content\/uploads\/2026\/01\/snowplow-2.jpg 600w, https:\/\/vansecm.com\/wp-content\/uploads\/2026\/01\/snowplow-2-300x300.jpg 300w, https:\/\/vansecm.com\/wp-content\/uploads\/2026\/01\/snowplow-2-150x150.jpg 150w, https:\/\/vansecm.com\/wp-content\/uploads\/2026\/01\/snowplow-2-12x12.jpg 12w\" sizes=\"auto, (max-width: 600px) 100vw, 600px\" \/><\/div><\/div><\/figure><\/div><\/li><li class=\"kadence-blocks-gallery-item\" tabindex=\"0\"><div class=\"kadence-blocks-gallery-item-inner\"><figure class=\"kb-gallery-figure kadence-blocks-gallery-item-hide-caption\"><div class=\"kb-gal-image-radius\"><div class=\"kb-gallery-image-contain kadence-blocks-gallery-intrinsic kb-gallery-image-ratio-square kb-has-image-ratio-square\" ><img loading=\"lazy\" decoding=\"async\" src=\"https:\/\/vansecm.com\/wp-content\/uploads\/2026\/01\/snowplow-5.jpg\" width=\"600\" height=\"600\" alt=\"\" data-full-image=\"https:\/\/vansecm.com\/wp-content\/uploads\/2026\/01\/snowplow-5.jpg\" data-light-image=\"https:\/\/vansecm.com\/wp-content\/uploads\/2026\/01\/snowplow-5.jpg\" data-id=\"3048\" class=\"wp-image-3048\" srcset=\"https:\/\/vansecm.com\/wp-content\/uploads\/2026\/01\/snowplow-5.jpg 600w, https:\/\/vansecm.com\/wp-content\/uploads\/2026\/01\/snowplow-5-300x300.jpg 300w, https:\/\/vansecm.com\/wp-content\/uploads\/2026\/01\/snowplow-5-150x150.jpg 150w, https:\/\/vansecm.com\/wp-content\/uploads\/2026\/01\/snowplow-5-12x12.jpg 12w\" sizes=\"auto, (max-width: 600px) 100vw, 600px\" \/><\/div><\/div><\/figure><\/div><\/li><\/ul><\/div>","protected":false},"featured_media":1963,"parent":0,"template":"","meta":{"_acf_changed":false,"_kad_blocks_custom_css":"","_kad_blocks_head_custom_js":"","_kad_blocks_body_custom_js":"","_kad_blocks_footer_custom_js":"","_kad_post_transparent":"","_kad_post_title":"","_kad_post_layout":"","_kad_post_sidebar_id":"","_kad_post_content_style":"","_kad_post_vertical_padding":"","_kad_post_feature":"","_kad_post_feature_position":"","_kad_post_header":false,"_kad_post_footer":false,"_kad_post_classname":""},"tags":[],"product-category":[7,41],"class_list":["post-1992","product","type-product","status-publish","has-post-thumbnail","hentry","product-category-attachments","product-category-telehandler-attachments"],"acf":[],"taxonomy_info":{"product-category":[{"value":7,"label":"Attachments"},{"value":41,"label":"Telehandler Attachments"}]},"featured_image_src_large":["https:\/\/vansecm.com\/wp-content\/uploads\/2026\/01\/snowplow.jpg",1000,500,false],"author_info":[],"comment_info":"","_links":{"self":[{"href":"https:\/\/vansecm.com\/fr\/wp-json\/wp\/v2\/product\/1992","targetHints":{"allow":["GET"]}}],"collection":[{"href":"https:\/\/vansecm.com\/fr\/wp-json\/wp\/v2\/product"}],"about":[{"href":"https:\/\/vansecm.com\/fr\/wp-json\/wp\/v2\/types\/product"}],"wp:featuredmedia":[{"embeddable":true,"href":"https:\/\/vansecm.com\/fr\/wp-json\/wp\/v2\/media\/1963"}],"wp:attachment":[{"href":"https:\/\/vansecm.com\/fr\/wp-json\/wp\/v2\/media?parent=1992"}],"wp:term":[{"taxonomy":"post_tag","embeddable":true,"href":"https:\/\/vansecm.com\/fr\/wp-json\/wp\/v2\/tags?post=1992"},{"taxonomy":"product-category","embeddable":true,"href":"https:\/\/vansecm.com\/fr\/wp-json\/wp\/v2\/product-category?post=1992"}],"curies":[{"name":"wp","href":"https:\/\/api.w.org\/{rel}","templated":true}]}}