{"id":1991,"date":"2026-01-02T01:19:14","date_gmt":"2026-01-02T01:19:14","guid":{"rendered":"https:\/\/demo.ezask.cn\/?post_type=product&#038;p=1991"},"modified":"2026-03-30T06:37:32","modified_gmt":"2026-03-30T06:37:32","slug":"attach-telescopic-work-platform","status":"publish","type":"product","link":"https:\/\/vansecm.com\/fr\/product\/attach-telescopic-work-platform\/","title":{"rendered":"Plateforme de travail t\u00e9lescopique"},"content":{"rendered":"<p>Plateforme de travail a\u00e9rien t\u00e9lescopique dot\u00e9e d\u2019une fl\u00e8che t\u00e9lescopique multi-\u00e9tages pour un ajustement flexible de la hauteur et de la port\u00e9e de travail. \u00c9quip\u00e9e de dispositifs de verrouillage de s\u00e9curit\u00e9, de plates-formes antid\u00e9rapantes et de garde-corps, adapt\u00e9e aux sc\u00e9narios complexes en hauteur.<\/p>\n\n\n\n<p>Applications : Adapt\u00e9e aux travaux en hauteur comme la construction de fa\u00e7ades de b\u00e2timents, l\u2019installation de panneaux publicitaires, l\u2019entretien de lignes \u00e9lectriques, l\u2019entretien d\u2019installations de stades et l\u2019\u00e9lagage d\u2019arbres. Particuli\u00e8rement adapt\u00e9e aux environnements \u00e0 espace limit\u00e9 ou points de travail dispers\u00e9s.<\/p>\n\n\n<style>.wp-block-kadence-advancedgallery .kb-gallery-type-grid.kb-gallery-id-1991_fb59c3-27{margin:-10px;}.kb-gallery-type-grid.kb-gallery-id-1991_fb59c3-27 .kadence-blocks-gallery-item{padding:10px;}.kb-gallery-id-1991_fb59c3-27 .kadence-blocks-gallery-item .kb-gal-image-radius, .kb-gallery-id-1991_fb59c3-27 .kb-slide-item .kb-gal-image-radius img{border-radius:0px 0px 0px 0px;;}<\/style><div class=\"kb-gallery-wrap-id-1991_fb59c3-27 alignnone wp-block-kadence-advancedgallery\"><ul class=\"kb-gallery-ul kb-gallery-non-static kb-gallery-type-grid kb-gallery-id-1991_fb59c3-27 kb-gallery-caption-style-bottom-hover kb-gallery-filter-none\" data-image-filter=\"none\" data-item-selector=\".kadence-blocks-gallery-item\" data-lightbox-caption=\"true\" data-columns-xxl=\"2\" data-columns-xl=\"2\" data-columns-md=\"2\" data-columns-sm=\"2\" data-columns-xs=\"1\" data-columns-ss=\"1\"><li class=\"kadence-blocks-gallery-item\" tabindex=\"0\"><div class=\"kadence-blocks-gallery-item-inner\"><figure class=\"kb-gallery-figure kadence-blocks-gallery-item-hide-caption\"><div class=\"kb-gal-image-radius\"><div class=\"kb-gallery-image-contain kadence-blocks-gallery-intrinsic kb-gallery-image-ratio-square kb-has-image-ratio-square\" ><img loading=\"lazy\" decoding=\"async\" src=\"https:\/\/vansecm.com\/wp-content\/uploads\/2026\/01\/telescopic-work-platform-4.jpg\" width=\"600\" height=\"600\" alt=\"\" data-full-image=\"https:\/\/vansecm.com\/wp-content\/uploads\/2026\/01\/telescopic-work-platform-4.jpg\" data-light-image=\"https:\/\/vansecm.com\/wp-content\/uploads\/2026\/01\/telescopic-work-platform-4.jpg\" data-id=\"3054\" class=\"wp-image-3054\" srcset=\"https:\/\/vansecm.com\/wp-content\/uploads\/2026\/01\/telescopic-work-platform-4.jpg 600w, https:\/\/vansecm.com\/wp-content\/uploads\/2026\/01\/telescopic-work-platform-4-300x300.jpg 300w, https:\/\/vansecm.com\/wp-content\/uploads\/2026\/01\/telescopic-work-platform-4-150x150.jpg 150w, https:\/\/vansecm.com\/wp-content\/uploads\/2026\/01\/telescopic-work-platform-4-12x12.jpg 12w\" sizes=\"auto, (max-width: 600px) 100vw, 600px\" \/><\/div><\/div><\/figure><\/div><\/li><li class=\"kadence-blocks-gallery-item\" tabindex=\"0\"><div class=\"kadence-blocks-gallery-item-inner\"><figure class=\"kb-gallery-figure kadence-blocks-gallery-item-hide-caption\"><div class=\"kb-gal-image-radius\"><div class=\"kb-gallery-image-contain kadence-blocks-gallery-intrinsic kb-gallery-image-ratio-square kb-has-image-ratio-square\" ><img loading=\"lazy\" decoding=\"async\" src=\"https:\/\/vansecm.com\/wp-content\/uploads\/2026\/01\/telescopic-work-platform-5.jpg\" width=\"600\" height=\"600\" alt=\"\" data-full-image=\"https:\/\/vansecm.com\/wp-content\/uploads\/2026\/01\/telescopic-work-platform-5.jpg\" data-light-image=\"https:\/\/vansecm.com\/wp-content\/uploads\/2026\/01\/telescopic-work-platform-5.jpg\" data-id=\"3055\" class=\"wp-image-3055\" srcset=\"https:\/\/vansecm.com\/wp-content\/uploads\/2026\/01\/telescopic-work-platform-5.jpg 600w, https:\/\/vansecm.com\/wp-content\/uploads\/2026\/01\/telescopic-work-platform-5-300x300.jpg 300w, https:\/\/vansecm.com\/wp-content\/uploads\/2026\/01\/telescopic-work-platform-5-150x150.jpg 150w, https:\/\/vansecm.com\/wp-content\/uploads\/2026\/01\/telescopic-work-platform-5-12x12.jpg 12w\" sizes=\"auto, (max-width: 600px) 100vw, 600px\" \/><\/div><\/div><\/figure><\/div><\/li><\/ul><\/div>","protected":false},"featured_media":1964,"parent":0,"template":"","meta":{"_acf_changed":true,"_kad_blocks_custom_css":"","_kad_blocks_head_custom_js":"","_kad_blocks_body_custom_js":"","_kad_blocks_footer_custom_js":"","_kad_post_transparent":"","_kad_post_title":"","_kad_post_layout":"","_kad_post_sidebar_id":"","_kad_post_content_style":"","_kad_post_vertical_padding":"","_kad_post_feature":"","_kad_post_feature_position":"","_kad_post_header":false,"_kad_post_footer":false,"_kad_post_classname":""},"tags":[],"product-category":[7,41],"class_list":["post-1991","product","type-product","status-publish","has-post-thumbnail","hentry","product-category-attachments","product-category-telehandler-attachments"],"acf":[],"taxonomy_info":{"product-category":[{"value":7,"label":"Attachments"},{"value":41,"label":"Telehandler Attachments"}]},"featured_image_src_large":["https:\/\/vansecm.com\/wp-content\/uploads\/2026\/01\/telescopic-work-platform.jpg",1000,500,false],"author_info":[],"comment_info":"","_links":{"self":[{"href":"https:\/\/vansecm.com\/fr\/wp-json\/wp\/v2\/product\/1991","targetHints":{"allow":["GET"]}}],"collection":[{"href":"https:\/\/vansecm.com\/fr\/wp-json\/wp\/v2\/product"}],"about":[{"href":"https:\/\/vansecm.com\/fr\/wp-json\/wp\/v2\/types\/product"}],"wp:featuredmedia":[{"embeddable":true,"href":"https:\/\/vansecm.com\/fr\/wp-json\/wp\/v2\/media\/1964"}],"wp:attachment":[{"href":"https:\/\/vansecm.com\/fr\/wp-json\/wp\/v2\/media?parent=1991"}],"wp:term":[{"taxonomy":"post_tag","embeddable":true,"href":"https:\/\/vansecm.com\/fr\/wp-json\/wp\/v2\/tags?post=1991"},{"taxonomy":"product-category","embeddable":true,"href":"https:\/\/vansecm.com\/fr\/wp-json\/wp\/v2\/product-category?post=1991"}],"curies":[{"name":"wp","href":"https:\/\/api.w.org\/{rel}","templated":true}]}}