{"id":1988,"date":"2026-01-02T01:21:07","date_gmt":"2026-01-02T01:21:07","guid":{"rendered":"https:\/\/demo.ezask.cn\/?post_type=product&#038;p=1988"},"modified":"2026-03-30T06:37:21","modified_gmt":"2026-03-30T06:37:21","slug":"attach-silage-feeding-hopper","status":"publish","type":"product","link":"https:\/\/vansecm.com\/fr\/product\/attach-silage-feeding-hopper\/","title":{"rendered":"Tr\u00e9mie d'alimentation en ensilage"},"content":{"rendered":"<p>Conception de tr\u00e9mie \u00e9tanche \u00e9quip\u00e9e d\u2019une valve de dosage pr\u00e9cis et d\u2019un dispositif anti-ponts pour contr\u00f4ler la quantit\u00e9 d\u2019ensilage distribu\u00e9e, \u00e9vitant gaspillage et obstructions. Paroi int\u00e9rieure lisse facile \u00e0 nettoyer, assurant l\u2019hygi\u00e8ne de l\u2019alimentation.<\/p>\n\n\n\n<p>Sc\u00e9narios d\u2019Application : Syst\u00e8mes d\u2019alimentation automatis\u00e9s pour ranchs, r\u00e9alisant une distribution efficace et hygi\u00e9nique de l\u2019alimentation, adapt\u00e9e aux \u00e9levages \u00e0 grande \u00e9chelle comme les vaches laiti\u00e8res, bovins de boucherie et ovins, am\u00e9liorant l\u2019efficacit\u00e9 d\u2019alimentation et la sant\u00e9 animale.<\/p>\n\n\n<style>.wp-block-kadence-advancedgallery .kb-gallery-type-grid.kb-gallery-id-1988_352a3c-5d{margin:-5px;}.kb-gallery-type-grid.kb-gallery-id-1988_352a3c-5d .kadence-blocks-gallery-item{padding:5px;}.kb-gallery-id-1988_352a3c-5d .kadence-blocks-gallery-item .kb-gal-image-radius, .kb-gallery-id-1988_352a3c-5d .kb-slide-item .kb-gal-image-radius img{border-radius:0px 0px 0px 0px;;}<\/style><div class=\"kb-gallery-wrap-id-1988_352a3c-5d alignnone wp-block-kadence-advancedgallery\"><ul class=\"kb-gallery-ul kb-gallery-non-static kb-gallery-type-grid kb-gallery-id-1988_352a3c-5d kb-gallery-caption-style-bottom-hover kb-gallery-filter-none\" data-image-filter=\"none\" data-item-selector=\".kadence-blocks-gallery-item\" data-lightbox-caption=\"true\" data-columns-xxl=\"2\" data-columns-xl=\"2\" data-columns-md=\"2\" data-columns-sm=\"2\" data-columns-xs=\"1\" data-columns-ss=\"1\"><li class=\"kadence-blocks-gallery-item\" tabindex=\"0\"><div class=\"kadence-blocks-gallery-item-inner\"><figure class=\"kb-gallery-figure kadence-blocks-gallery-item-hide-caption\"><div class=\"kb-gal-image-radius\"><div class=\"kb-gallery-image-contain kadence-blocks-gallery-intrinsic kb-gallery-image-ratio-land43 kb-has-image-ratio-land43\" ><img loading=\"lazy\" decoding=\"async\" src=\"https:\/\/vansecm.com\/wp-content\/uploads\/2026\/01\/silage-feeding-hopper-1-1.jpg\" width=\"600\" height=\"600\" alt=\"\" data-full-image=\"https:\/\/vansecm.com\/wp-content\/uploads\/2026\/01\/silage-feeding-hopper-1-1.jpg\" data-light-image=\"https:\/\/vansecm.com\/wp-content\/uploads\/2026\/01\/silage-feeding-hopper-1-1.jpg\" data-id=\"3041\" class=\"wp-image-3041\" srcset=\"https:\/\/vansecm.com\/wp-content\/uploads\/2026\/01\/silage-feeding-hopper-1-1.jpg 600w, https:\/\/vansecm.com\/wp-content\/uploads\/2026\/01\/silage-feeding-hopper-1-1-300x300.jpg 300w, https:\/\/vansecm.com\/wp-content\/uploads\/2026\/01\/silage-feeding-hopper-1-1-150x150.jpg 150w, https:\/\/vansecm.com\/wp-content\/uploads\/2026\/01\/silage-feeding-hopper-1-1-12x12.jpg 12w\" sizes=\"auto, (max-width: 600px) 100vw, 600px\" \/><\/div><\/div><\/figure><\/div><\/li><li class=\"kadence-blocks-gallery-item\" tabindex=\"0\"><div class=\"kadence-blocks-gallery-item-inner\"><figure class=\"kb-gallery-figure kadence-blocks-gallery-item-hide-caption\"><div class=\"kb-gal-image-radius\"><div class=\"kb-gallery-image-contain kadence-blocks-gallery-intrinsic kb-gallery-image-ratio-land43 kb-has-image-ratio-land43\" ><img loading=\"lazy\" decoding=\"async\" src=\"https:\/\/vansecm.com\/wp-content\/uploads\/2026\/01\/silage-feeding-hopper-2.jpg\" width=\"600\" height=\"600\" alt=\"\" data-full-image=\"https:\/\/vansecm.com\/wp-content\/uploads\/2026\/01\/silage-feeding-hopper-2.jpg\" data-light-image=\"https:\/\/vansecm.com\/wp-content\/uploads\/2026\/01\/silage-feeding-hopper-2.jpg\" data-id=\"3038\" class=\"wp-image-3038\" srcset=\"https:\/\/vansecm.com\/wp-content\/uploads\/2026\/01\/silage-feeding-hopper-2.jpg 600w, https:\/\/vansecm.com\/wp-content\/uploads\/2026\/01\/silage-feeding-hopper-2-300x300.jpg 300w, https:\/\/vansecm.com\/wp-content\/uploads\/2026\/01\/silage-feeding-hopper-2-150x150.jpg 150w, https:\/\/vansecm.com\/wp-content\/uploads\/2026\/01\/silage-feeding-hopper-2-12x12.jpg 12w\" sizes=\"auto, (max-width: 600px) 100vw, 600px\" \/><\/div><\/div><\/figure><\/div><\/li><\/ul><\/div>","protected":false},"featured_media":1966,"parent":0,"template":"","meta":{"_acf_changed":true,"_kad_blocks_custom_css":"","_kad_blocks_head_custom_js":"","_kad_blocks_body_custom_js":"","_kad_blocks_footer_custom_js":"","_kad_post_transparent":"","_kad_post_title":"","_kad_post_layout":"","_kad_post_sidebar_id":"","_kad_post_content_style":"","_kad_post_vertical_padding":"","_kad_post_feature":"","_kad_post_feature_position":"","_kad_post_header":false,"_kad_post_footer":false,"_kad_post_classname":""},"tags":[],"product-category":[7,41],"class_list":["post-1988","product","type-product","status-publish","has-post-thumbnail","hentry","product-category-attachments","product-category-telehandler-attachments"],"acf":[],"taxonomy_info":{"product-category":[{"value":7,"label":"Attachments"},{"value":41,"label":"Telehandler Attachments"}]},"featured_image_src_large":["https:\/\/vansecm.com\/wp-content\/uploads\/2026\/01\/silage-feeding-hopper.jpg",1000,500,false],"author_info":[],"comment_info":"","_links":{"self":[{"href":"https:\/\/vansecm.com\/fr\/wp-json\/wp\/v2\/product\/1988","targetHints":{"allow":["GET"]}}],"collection":[{"href":"https:\/\/vansecm.com\/fr\/wp-json\/wp\/v2\/product"}],"about":[{"href":"https:\/\/vansecm.com\/fr\/wp-json\/wp\/v2\/types\/product"}],"wp:featuredmedia":[{"embeddable":true,"href":"https:\/\/vansecm.com\/fr\/wp-json\/wp\/v2\/media\/1966"}],"wp:attachment":[{"href":"https:\/\/vansecm.com\/fr\/wp-json\/wp\/v2\/media?parent=1988"}],"wp:term":[{"taxonomy":"post_tag","embeddable":true,"href":"https:\/\/vansecm.com\/fr\/wp-json\/wp\/v2\/tags?post=1988"},{"taxonomy":"product-category","embeddable":true,"href":"https:\/\/vansecm.com\/fr\/wp-json\/wp\/v2\/product-category?post=1988"}],"curies":[{"name":"wp","href":"https:\/\/api.w.org\/{rel}","templated":true}]}}