{"id":1987,"date":"2026-01-02T01:22:07","date_gmt":"2026-01-02T01:22:07","guid":{"rendered":"https:\/\/demo.ezask.cn\/?post_type=product&#038;p=1987"},"modified":"2026-03-30T06:20:30","modified_gmt":"2026-03-30T06:20:30","slug":"attach-forward-moving-sweeper","status":"publish","type":"product","link":"https:\/\/vansecm.com\/fr\/product\/attach-forward-moving-sweeper\/","title":{"rendered":"Balayeuse avant"},"content":{"rendered":"<p>Conception balayeuse avant avec brosse haute efficacit\u00e9 et dispositif de collecte de poussi\u00e8re, \u00e9liminant rapidement sable, d\u00e9bris, feuilles mortes et autres d\u00e9chets des routes. Largeur de balayage r\u00e9glable et grande capacit\u00e9 de bo\u00eete \u00e0 poussi\u00e8re r\u00e9duisant la fr\u00e9quence de vidage, maintenant le site propre.<\/p>\n\n\n\n<p>Sc\u00e9narios d\u2019Application : Nettoyage de sols sur routes d\u2019usine, parcs logistiques, chantiers de construction, routes municipales et abords d\u2019a\u00e9roport, r\u00e9duisant les co\u00fbts de nettoyage manuel et am\u00e9liorant l\u2019efficacit\u00e9 op\u00e9rationnelle.<\/p>\n\n\n<style>.wp-block-kadence-advancedgallery .kb-gallery-type-masonry.kb-gallery-id-1987_306022-ff{margin:-5px;}.kb-gallery-type-masonry.kb-gallery-id-1987_306022-ff .kadence-blocks-gallery-item{padding:5px;}.kb-gallery-id-1987_306022-ff .kadence-blocks-gallery-item .kb-gal-image-radius, .kb-gallery-id-1987_306022-ff .kb-slide-item .kb-gal-image-radius img{border-radius:0px 0px 0px 0px;;}<\/style><div class=\"kb-gallery-wrap-id-1987_306022-ff alignnone wp-block-kadence-advancedgallery\"><ul class=\"kb-gallery-ul kb-gallery-non-static kb-gallery-type-masonry kb-masonry-init kb-gallery-id-1987_306022-ff kb-gallery-caption-style-bottom-hover kb-gallery-filter-none\" data-image-filter=\"none\" data-item-selector=\".kadence-blocks-gallery-item\" data-lightbox-caption=\"true\" data-columns-xxl=\"3\" data-columns-xl=\"3\" data-columns-md=\"3\" data-columns-sm=\"2\" data-columns-xs=\"1\" data-columns-ss=\"1\"><li class=\"kadence-blocks-gallery-item\" tabindex=\"0\"><div class=\"kadence-blocks-gallery-item-inner\"><figure class=\"kb-gallery-figure kadence-blocks-gallery-item-hide-caption\"><div class=\"kb-gal-image-radius\" style=\"max-width:600px;\"><div class=\"kb-gallery-image-contain kadence-blocks-gallery-intrinsic\" style=\"padding-bottom:100%;\"><img loading=\"lazy\" decoding=\"async\" src=\"https:\/\/vansecm.com\/wp-content\/uploads\/2026\/01\/Forward-moving-Sweeper-3.jpg\" width=\"600\" height=\"600\" alt=\"\" data-full-image=\"https:\/\/vansecm.com\/wp-content\/uploads\/2026\/01\/Forward-moving-Sweeper-3.jpg\" data-light-image=\"https:\/\/vansecm.com\/wp-content\/uploads\/2026\/01\/Forward-moving-Sweeper-3.jpg\" data-id=\"3029\" class=\"wp-image-3029\" srcset=\"https:\/\/vansecm.com\/wp-content\/uploads\/2026\/01\/Forward-moving-Sweeper-3.jpg 600w, https:\/\/vansecm.com\/wp-content\/uploads\/2026\/01\/Forward-moving-Sweeper-3-300x300.jpg 300w, https:\/\/vansecm.com\/wp-content\/uploads\/2026\/01\/Forward-moving-Sweeper-3-150x150.jpg 150w, https:\/\/vansecm.com\/wp-content\/uploads\/2026\/01\/Forward-moving-Sweeper-3-12x12.jpg 12w\" sizes=\"auto, (max-width: 600px) 100vw, 600px\" \/><\/div><\/div><\/figure><\/div><\/li><li class=\"kadence-blocks-gallery-item\" tabindex=\"0\"><div class=\"kadence-blocks-gallery-item-inner\"><figure class=\"kb-gallery-figure kadence-blocks-gallery-item-hide-caption\"><div class=\"kb-gal-image-radius\" style=\"max-width:600px;\"><div class=\"kb-gallery-image-contain kadence-blocks-gallery-intrinsic\" style=\"padding-bottom:100%;\"><img loading=\"lazy\" decoding=\"async\" src=\"https:\/\/vansecm.com\/wp-content\/uploads\/2026\/01\/Forward-moving-Sweeper-5.jpg\" width=\"600\" height=\"600\" alt=\"\" data-full-image=\"https:\/\/vansecm.com\/wp-content\/uploads\/2026\/01\/Forward-moving-Sweeper-5.jpg\" data-light-image=\"https:\/\/vansecm.com\/wp-content\/uploads\/2026\/01\/Forward-moving-Sweeper-5.jpg\" data-id=\"3028\" class=\"wp-image-3028\" srcset=\"https:\/\/vansecm.com\/wp-content\/uploads\/2026\/01\/Forward-moving-Sweeper-5.jpg 600w, https:\/\/vansecm.com\/wp-content\/uploads\/2026\/01\/Forward-moving-Sweeper-5-300x300.jpg 300w, https:\/\/vansecm.com\/wp-content\/uploads\/2026\/01\/Forward-moving-Sweeper-5-150x150.jpg 150w, https:\/\/vansecm.com\/wp-content\/uploads\/2026\/01\/Forward-moving-Sweeper-5-12x12.jpg 12w\" sizes=\"auto, (max-width: 600px) 100vw, 600px\" \/><\/div><\/div><\/figure><\/div><\/li><\/ul><\/div>","protected":false},"featured_media":1967,"parent":0,"template":"","meta":{"_acf_changed":true,"_kad_blocks_custom_css":"","_kad_blocks_head_custom_js":"","_kad_blocks_body_custom_js":"","_kad_blocks_footer_custom_js":"","_kad_post_transparent":"","_kad_post_title":"","_kad_post_layout":"","_kad_post_sidebar_id":"","_kad_post_content_style":"","_kad_post_vertical_padding":"","_kad_post_feature":"","_kad_post_feature_position":"","_kad_post_header":false,"_kad_post_footer":false,"_kad_post_classname":""},"tags":[],"product-category":[7,41],"class_list":["post-1987","product","type-product","status-publish","has-post-thumbnail","hentry","product-category-attachments","product-category-telehandler-attachments"],"acf":[],"taxonomy_info":{"product-category":[{"value":7,"label":"Attachments"},{"value":41,"label":"Telehandler Attachments"}]},"featured_image_src_large":["https:\/\/vansecm.com\/wp-content\/uploads\/2026\/01\/forward-moving-sweeper.jpg",1000,500,false],"author_info":[],"comment_info":"","_links":{"self":[{"href":"https:\/\/vansecm.com\/fr\/wp-json\/wp\/v2\/product\/1987","targetHints":{"allow":["GET"]}}],"collection":[{"href":"https:\/\/vansecm.com\/fr\/wp-json\/wp\/v2\/product"}],"about":[{"href":"https:\/\/vansecm.com\/fr\/wp-json\/wp\/v2\/types\/product"}],"wp:featuredmedia":[{"embeddable":true,"href":"https:\/\/vansecm.com\/fr\/wp-json\/wp\/v2\/media\/1967"}],"wp:attachment":[{"href":"https:\/\/vansecm.com\/fr\/wp-json\/wp\/v2\/media?parent=1987"}],"wp:term":[{"taxonomy":"post_tag","embeddable":true,"href":"https:\/\/vansecm.com\/fr\/wp-json\/wp\/v2\/tags?post=1987"},{"taxonomy":"product-category","embeddable":true,"href":"https:\/\/vansecm.com\/fr\/wp-json\/wp\/v2\/product-category?post=1987"}],"curies":[{"name":"wp","href":"https:\/\/api.w.org\/{rel}","templated":true}]}}