{"id":1984,"date":"2026-01-02T01:24:01","date_gmt":"2026-01-02T01:24:01","guid":{"rendered":"https:\/\/demo.ezask.cn\/?post_type=product&#038;p=1984"},"modified":"2026-03-30T06:20:17","modified_gmt":"2026-03-30T06:20:17","slug":"attach-agriculture-bucket","status":"publish","type":"product","link":"https:\/\/vansecm.com\/fr\/product\/attach-agriculture-bucket\/","title":{"rendered":"Godet agricole"},"content":{"rendered":"<p>Fabriqu\u00e9e d\u2019une seule pi\u00e8ce en acier alli\u00e9 haute r\u00e9sistance \u00e0 l\u2019usure avec plaque de base \u00e9paissie, capable de r\u00e9sister \u00e0 un creusement intensif et \u00e0 une manutention lourde. S\u2019adapte \u00e0 diverses fourches de chariots r\u00e9tractables pour un montage rapide et comporte des bandes d\u2019usure rempla\u00e7ables sur les bords, prolongeant consid\u00e9rablement sa dur\u00e9e de vie.Applications : Utilis\u00e9e en fermes pour pelleter grains, aliments, sable et engrais ; d\u00e9gager paille et d\u00e9bris ; ou dans fermes d\u2019\u00e9levage pour transporter ensilage et liti\u00e8re, am\u00e9liorant la productivit\u00e9 agricole et la flexibilit\u00e9 op\u00e9rationnelle.<\/p>\n\n\n<style>.wp-block-kadence-advancedgallery .kb-gallery-type-grid.kb-gallery-id-1984_9063ab-b9{margin:-10px;}.kb-gallery-type-grid.kb-gallery-id-1984_9063ab-b9 .kadence-blocks-gallery-item{padding:10px;}.kb-gallery-id-1984_9063ab-b9 .kadence-blocks-gallery-item .kb-gal-image-radius, .kb-gallery-id-1984_9063ab-b9 .kb-slide-item .kb-gal-image-radius img{border-radius:0px 0px 0px 0px;;}<\/style><div class=\"kb-gallery-wrap-id-1984_9063ab-b9 alignnone wp-block-kadence-advancedgallery\"><ul class=\"kb-gallery-ul kb-gallery-non-static kb-gallery-type-grid kb-gallery-id-1984_9063ab-b9 kb-gallery-caption-style-bottom-hover kb-gallery-filter-none\" data-image-filter=\"none\" data-item-selector=\".kadence-blocks-gallery-item\" data-lightbox-caption=\"true\" data-columns-xxl=\"2\" data-columns-xl=\"2\" data-columns-md=\"2\" data-columns-sm=\"2\" data-columns-xs=\"1\" data-columns-ss=\"1\"><li class=\"kadence-blocks-gallery-item\" tabindex=\"0\"><div class=\"kadence-blocks-gallery-item-inner\"><figure class=\"kb-gallery-figure kadence-blocks-gallery-item-hide-caption\"><div class=\"kb-gal-image-radius\"><div class=\"kb-gallery-image-contain kadence-blocks-gallery-intrinsic kb-gallery-image-ratio-square kb-has-image-ratio-square\" ><img loading=\"lazy\" decoding=\"async\" src=\"https:\/\/vansecm.com\/wp-content\/uploads\/2026\/01\/Agriculture-Bucket-1.jpg\" width=\"600\" height=\"600\" alt=\"\" data-full-image=\"https:\/\/vansecm.com\/wp-content\/uploads\/2026\/01\/Agriculture-Bucket-1.jpg\" data-light-image=\"https:\/\/vansecm.com\/wp-content\/uploads\/2026\/01\/Agriculture-Bucket-1.jpg\" data-id=\"3002\" class=\"wp-image-3002\" srcset=\"https:\/\/vansecm.com\/wp-content\/uploads\/2026\/01\/Agriculture-Bucket-1.jpg 600w, https:\/\/vansecm.com\/wp-content\/uploads\/2026\/01\/Agriculture-Bucket-1-300x300.jpg 300w, https:\/\/vansecm.com\/wp-content\/uploads\/2026\/01\/Agriculture-Bucket-1-150x150.jpg 150w, https:\/\/vansecm.com\/wp-content\/uploads\/2026\/01\/Agriculture-Bucket-1-12x12.jpg 12w\" sizes=\"auto, (max-width: 600px) 100vw, 600px\" \/><\/div><\/div><\/figure><\/div><\/li><li class=\"kadence-blocks-gallery-item\" tabindex=\"0\"><div class=\"kadence-blocks-gallery-item-inner\"><figure class=\"kb-gallery-figure kadence-blocks-gallery-item-hide-caption\"><div class=\"kb-gal-image-radius\"><div class=\"kb-gallery-image-contain kadence-blocks-gallery-intrinsic kb-gallery-image-ratio-square kb-has-image-ratio-square\" ><img loading=\"lazy\" decoding=\"async\" src=\"https:\/\/vansecm.com\/wp-content\/uploads\/2026\/01\/Agriculture-Bucket-5.jpg\" width=\"600\" height=\"600\" alt=\"\" data-full-image=\"https:\/\/vansecm.com\/wp-content\/uploads\/2026\/01\/Agriculture-Bucket-5.jpg\" data-light-image=\"https:\/\/vansecm.com\/wp-content\/uploads\/2026\/01\/Agriculture-Bucket-5.jpg\" data-id=\"3001\" class=\"wp-image-3001\" srcset=\"https:\/\/vansecm.com\/wp-content\/uploads\/2026\/01\/Agriculture-Bucket-5.jpg 600w, https:\/\/vansecm.com\/wp-content\/uploads\/2026\/01\/Agriculture-Bucket-5-300x300.jpg 300w, https:\/\/vansecm.com\/wp-content\/uploads\/2026\/01\/Agriculture-Bucket-5-150x150.jpg 150w, https:\/\/vansecm.com\/wp-content\/uploads\/2026\/01\/Agriculture-Bucket-5-12x12.jpg 12w\" sizes=\"auto, (max-width: 600px) 100vw, 600px\" \/><\/div><\/div><\/figure><\/div><\/li><\/ul><\/div>","protected":false},"featured_media":1969,"parent":0,"template":"","meta":{"_acf_changed":true,"_kad_blocks_custom_css":"","_kad_blocks_head_custom_js":"","_kad_blocks_body_custom_js":"","_kad_blocks_footer_custom_js":"","_kad_post_transparent":"","_kad_post_title":"","_kad_post_layout":"","_kad_post_sidebar_id":"","_kad_post_content_style":"","_kad_post_vertical_padding":"","_kad_post_feature":"","_kad_post_feature_position":"","_kad_post_header":false,"_kad_post_footer":false,"_kad_post_classname":""},"tags":[],"product-category":[7,41],"class_list":["post-1984","product","type-product","status-publish","has-post-thumbnail","hentry","product-category-attachments","product-category-telehandler-attachments"],"acf":[],"taxonomy_info":{"product-category":[{"value":7,"label":"Attachments"},{"value":41,"label":"Telehandler Attachments"}]},"featured_image_src_large":["https:\/\/vansecm.com\/wp-content\/uploads\/2026\/01\/Agriculture-bucket.jpg",1000,500,false],"author_info":[],"comment_info":"","_links":{"self":[{"href":"https:\/\/vansecm.com\/fr\/wp-json\/wp\/v2\/product\/1984","targetHints":{"allow":["GET"]}}],"collection":[{"href":"https:\/\/vansecm.com\/fr\/wp-json\/wp\/v2\/product"}],"about":[{"href":"https:\/\/vansecm.com\/fr\/wp-json\/wp\/v2\/types\/product"}],"wp:featuredmedia":[{"embeddable":true,"href":"https:\/\/vansecm.com\/fr\/wp-json\/wp\/v2\/media\/1969"}],"wp:attachment":[{"href":"https:\/\/vansecm.com\/fr\/wp-json\/wp\/v2\/media?parent=1984"}],"wp:term":[{"taxonomy":"post_tag","embeddable":true,"href":"https:\/\/vansecm.com\/fr\/wp-json\/wp\/v2\/tags?post=1984"},{"taxonomy":"product-category","embeddable":true,"href":"https:\/\/vansecm.com\/fr\/wp-json\/wp\/v2\/product-category?post=1984"}],"curies":[{"name":"wp","href":"https:\/\/api.w.org\/{rel}","templated":true}]}}