{"id":1982,"date":"2026-01-02T01:26:18","date_gmt":"2026-01-02T01:26:18","guid":{"rendered":"https:\/\/demo.ezask.cn\/?post_type=product&#038;p=1982"},"modified":"2026-03-30T06:37:46","modified_gmt":"2026-03-30T06:37:46","slug":"attach-wood-clamp","status":"publish","type":"product","link":"https:\/\/vansecm.com\/fr\/product\/attach-wood-clamp\/","title":{"rendered":"Pince \u00e0 bois"},"content":{"rendered":"<p>Grande ouverture de pince \u00e0 bois avec bras renforc\u00e9s et conception \u00e0 dents antid\u00e9rapantes, agrippant fermement des mat\u00e9riaux longs et minces comme les b\u00fbches, planches et bois, pr\u00e9venant le glissement lors de la prise. Les bras de pince offrent une grande force d\u2019ouverture et de fermeture, adaptables \u00e0 des diam\u00e8tres et longueurs vari\u00e9s.<\/p>\n\n\n\n<p>Applications : Op\u00e9rations de chargement, d\u00e9chargement, empilage et transfert de bois dans les scieries, chantiers de construction, usines de meubles et papeteries, am\u00e9liorant l\u2019efficacit\u00e9 du traitement et de la logistique du bois, particuli\u00e8rement adapt\u00e9es aux op\u00e9rations \u00e0 grande \u00e9chelle des entreprises de transformation de bois.<\/p>\n\n\n<style>.wp-block-kadence-advancedgallery .kb-gallery-type-grid.kb-gallery-id-1982_c22765-ca{margin:-10px;}.kb-gallery-type-grid.kb-gallery-id-1982_c22765-ca .kadence-blocks-gallery-item{padding:10px;}.kb-gallery-id-1982_c22765-ca .kadence-blocks-gallery-item .kb-gal-image-radius, .kb-gallery-id-1982_c22765-ca .kb-slide-item .kb-gal-image-radius img{border-radius:0px 0px 0px 0px;;}<\/style><div class=\"kb-gallery-wrap-id-1982_c22765-ca alignnone wp-block-kadence-advancedgallery\"><ul class=\"kb-gallery-ul kb-gallery-non-static kb-gallery-type-grid kb-gallery-id-1982_c22765-ca kb-gallery-caption-style-bottom-hover kb-gallery-filter-none\" data-image-filter=\"none\" data-item-selector=\".kadence-blocks-gallery-item\" data-lightbox-caption=\"true\" data-columns-xxl=\"2\" data-columns-xl=\"2\" data-columns-md=\"2\" data-columns-sm=\"2\" data-columns-xs=\"1\" data-columns-ss=\"1\"><li class=\"kadence-blocks-gallery-item\" tabindex=\"0\"><div class=\"kadence-blocks-gallery-item-inner\"><figure class=\"kb-gallery-figure kadence-blocks-gallery-item-hide-caption\"><div class=\"kb-gal-image-radius\"><div class=\"kb-gallery-image-contain kadence-blocks-gallery-intrinsic kb-gallery-image-ratio-land43 kb-has-image-ratio-land43\" ><img loading=\"lazy\" decoding=\"async\" src=\"https:\/\/vansecm.com\/wp-content\/uploads\/2026\/01\/wood-clamp-4.jpg\" width=\"600\" height=\"600\" alt=\"\" data-full-image=\"https:\/\/vansecm.com\/wp-content\/uploads\/2026\/01\/wood-clamp-4.jpg\" data-light-image=\"https:\/\/vansecm.com\/wp-content\/uploads\/2026\/01\/wood-clamp-4.jpg\" data-id=\"3065\" class=\"wp-image-3065\" srcset=\"https:\/\/vansecm.com\/wp-content\/uploads\/2026\/01\/wood-clamp-4.jpg 600w, https:\/\/vansecm.com\/wp-content\/uploads\/2026\/01\/wood-clamp-4-300x300.jpg 300w, https:\/\/vansecm.com\/wp-content\/uploads\/2026\/01\/wood-clamp-4-150x150.jpg 150w, https:\/\/vansecm.com\/wp-content\/uploads\/2026\/01\/wood-clamp-4-12x12.jpg 12w\" sizes=\"auto, (max-width: 600px) 100vw, 600px\" \/><\/div><\/div><\/figure><\/div><\/li><li class=\"kadence-blocks-gallery-item\" tabindex=\"0\"><div class=\"kadence-blocks-gallery-item-inner\"><figure class=\"kb-gallery-figure kadence-blocks-gallery-item-hide-caption\"><div class=\"kb-gal-image-radius\"><div class=\"kb-gallery-image-contain kadence-blocks-gallery-intrinsic kb-gallery-image-ratio-land43 kb-has-image-ratio-land43\" ><img loading=\"lazy\" decoding=\"async\" src=\"https:\/\/vansecm.com\/wp-content\/uploads\/2026\/01\/wood-clamp-5.jpg\" width=\"600\" height=\"600\" alt=\"\" data-full-image=\"https:\/\/vansecm.com\/wp-content\/uploads\/2026\/01\/wood-clamp-5.jpg\" data-light-image=\"https:\/\/vansecm.com\/wp-content\/uploads\/2026\/01\/wood-clamp-5.jpg\" data-id=\"3069\" class=\"wp-image-3069\" srcset=\"https:\/\/vansecm.com\/wp-content\/uploads\/2026\/01\/wood-clamp-5.jpg 600w, https:\/\/vansecm.com\/wp-content\/uploads\/2026\/01\/wood-clamp-5-300x300.jpg 300w, https:\/\/vansecm.com\/wp-content\/uploads\/2026\/01\/wood-clamp-5-150x150.jpg 150w, https:\/\/vansecm.com\/wp-content\/uploads\/2026\/01\/wood-clamp-5-12x12.jpg 12w\" sizes=\"auto, (max-width: 600px) 100vw, 600px\" \/><\/div><\/div><\/figure><\/div><\/li><\/ul><\/div>","protected":false},"featured_media":1971,"parent":0,"template":"","meta":{"_acf_changed":true,"_kad_blocks_custom_css":"","_kad_blocks_head_custom_js":"","_kad_blocks_body_custom_js":"","_kad_blocks_footer_custom_js":"","_kad_post_transparent":"","_kad_post_title":"","_kad_post_layout":"","_kad_post_sidebar_id":"","_kad_post_content_style":"","_kad_post_vertical_padding":"","_kad_post_feature":"","_kad_post_feature_position":"","_kad_post_header":false,"_kad_post_footer":false,"_kad_post_classname":""},"tags":[],"product-category":[7,41],"class_list":["post-1982","product","type-product","status-publish","has-post-thumbnail","hentry","product-category-attachments","product-category-telehandler-attachments"],"acf":[],"taxonomy_info":{"product-category":[{"value":7,"label":"Attachments"},{"value":41,"label":"Telehandler Attachments"}]},"featured_image_src_large":["https:\/\/vansecm.com\/wp-content\/uploads\/2026\/01\/wood-clamp.jpg",1000,500,false],"author_info":[],"comment_info":"","_links":{"self":[{"href":"https:\/\/vansecm.com\/fr\/wp-json\/wp\/v2\/product\/1982","targetHints":{"allow":["GET"]}}],"collection":[{"href":"https:\/\/vansecm.com\/fr\/wp-json\/wp\/v2\/product"}],"about":[{"href":"https:\/\/vansecm.com\/fr\/wp-json\/wp\/v2\/types\/product"}],"wp:featuredmedia":[{"embeddable":true,"href":"https:\/\/vansecm.com\/fr\/wp-json\/wp\/v2\/media\/1971"}],"wp:attachment":[{"href":"https:\/\/vansecm.com\/fr\/wp-json\/wp\/v2\/media?parent=1982"}],"wp:term":[{"taxonomy":"post_tag","embeddable":true,"href":"https:\/\/vansecm.com\/fr\/wp-json\/wp\/v2\/tags?post=1982"},{"taxonomy":"product-category","embeddable":true,"href":"https:\/\/vansecm.com\/fr\/wp-json\/wp\/v2\/product-category?post=1982"}],"curies":[{"name":"wp","href":"https:\/\/api.w.org\/{rel}","templated":true}]}}