{"id":1981,"date":"2026-01-02T01:27:25","date_gmt":"2026-01-02T01:27:25","guid":{"rendered":"https:\/\/demo.ezask.cn\/?post_type=product&#038;p=1981"},"modified":"2026-03-30T06:20:26","modified_gmt":"2026-03-30T06:20:26","slug":"attach-forklift","status":"publish","type":"product","link":"https:\/\/vansecm.com\/fr\/product\/attach-forklift\/","title":{"rendered":"Chariot \u00e9l\u00e9vateur"},"content":{"rendered":"<p>Fourches durcies standard en acier alli\u00e9 haute r\u00e9sistance avec traitement de durcissement de surface, offrant une capacit\u00e9 de charge stable et excellente r\u00e9sistance \u00e0 la flexion. Changeables rapidement, adapt\u00e9es \u00e0 une manutention efficace de charges palettis\u00e9es, am\u00e9liorant l\u2019efficacit\u00e9 de rotation logistique.<\/p>\n\n\n\n<p>Sc\u00e9narios d\u2019Application : Chargement, d\u00e9chargement, empilage et transfert \u00e0 courte distance de charges palettis\u00e9es dans entrep\u00f4ts, centres logistiques et ateliers d\u2019usine. Adapt\u00e9es aux secteurs e-commerce, fabrication et distribution, particuli\u00e8rement pour la manutention en espaces confin\u00e9s.<\/p>\n\n\n<style>.wp-block-kadence-advancedgallery .kb-gallery-type-grid.kb-gallery-id-1981_0d6ae3-f0{margin:-10px;}.kb-gallery-type-grid.kb-gallery-id-1981_0d6ae3-f0 .kadence-blocks-gallery-item{padding:10px;}.kb-gallery-id-1981_0d6ae3-f0 .kadence-blocks-gallery-item .kb-gal-image-radius, .kb-gallery-id-1981_0d6ae3-f0 .kb-slide-item .kb-gal-image-radius img{border-radius:0px 0px 0px 0px;;}<\/style><div class=\"kb-gallery-wrap-id-1981_0d6ae3-f0 alignnone wp-block-kadence-advancedgallery\"><ul class=\"kb-gallery-ul kb-gallery-non-static kb-gallery-type-grid kb-gallery-id-1981_0d6ae3-f0 kb-gallery-caption-style-bottom-hover kb-gallery-filter-none\" data-image-filter=\"none\" data-item-selector=\".kadence-blocks-gallery-item\" data-lightbox-caption=\"true\" data-columns-xxl=\"2\" data-columns-xl=\"2\" data-columns-md=\"2\" data-columns-sm=\"2\" data-columns-xs=\"1\" data-columns-ss=\"1\"><li class=\"kadence-blocks-gallery-item\" tabindex=\"0\"><div class=\"kadence-blocks-gallery-item-inner\"><figure class=\"kb-gallery-figure kadence-blocks-gallery-item-hide-caption\"><div class=\"kb-gal-image-radius\" style=\"max-width:600px;\"><div class=\"kb-gallery-image-contain kadence-blocks-gallery-intrinsic kb-gallery-image-ratio-inherit kb-has-image-ratio-inherit\" style=\"padding-bottom:100%;\"><img loading=\"lazy\" decoding=\"async\" src=\"https:\/\/vansecm.com\/wp-content\/uploads\/2026\/01\/Forklift-2-1.jpg\" width=\"600\" height=\"600\" alt=\"\" data-full-image=\"https:\/\/vansecm.com\/wp-content\/uploads\/2026\/01\/Forklift-2-1.jpg\" data-light-image=\"https:\/\/vansecm.com\/wp-content\/uploads\/2026\/01\/Forklift-2-1.jpg\" data-id=\"3019\" class=\"wp-image-3019\" srcset=\"https:\/\/vansecm.com\/wp-content\/uploads\/2026\/01\/Forklift-2-1.jpg 600w, https:\/\/vansecm.com\/wp-content\/uploads\/2026\/01\/Forklift-2-1-300x300.jpg 300w, https:\/\/vansecm.com\/wp-content\/uploads\/2026\/01\/Forklift-2-1-150x150.jpg 150w, https:\/\/vansecm.com\/wp-content\/uploads\/2026\/01\/Forklift-2-1-12x12.jpg 12w\" sizes=\"auto, (max-width: 600px) 100vw, 600px\" \/><\/div><\/div><\/figure><\/div><\/li><li class=\"kadence-blocks-gallery-item\" tabindex=\"0\"><div class=\"kadence-blocks-gallery-item-inner\"><figure class=\"kb-gallery-figure kadence-blocks-gallery-item-hide-caption\"><div class=\"kb-gal-image-radius\" style=\"max-width:600px;\"><div class=\"kb-gallery-image-contain kadence-blocks-gallery-intrinsic kb-gallery-image-ratio-inherit kb-has-image-ratio-inherit\" style=\"padding-bottom:100%;\"><img loading=\"lazy\" decoding=\"async\" src=\"https:\/\/vansecm.com\/wp-content\/uploads\/2026\/01\/Forklift-4.jpg\" width=\"600\" height=\"600\" alt=\"\" data-full-image=\"https:\/\/vansecm.com\/wp-content\/uploads\/2026\/01\/Forklift-4.jpg\" data-light-image=\"https:\/\/vansecm.com\/wp-content\/uploads\/2026\/01\/Forklift-4.jpg\" data-id=\"3021\" class=\"wp-image-3021\" srcset=\"https:\/\/vansecm.com\/wp-content\/uploads\/2026\/01\/Forklift-4.jpg 600w, https:\/\/vansecm.com\/wp-content\/uploads\/2026\/01\/Forklift-4-300x300.jpg 300w, https:\/\/vansecm.com\/wp-content\/uploads\/2026\/01\/Forklift-4-150x150.jpg 150w, https:\/\/vansecm.com\/wp-content\/uploads\/2026\/01\/Forklift-4-12x12.jpg 12w\" sizes=\"auto, (max-width: 600px) 100vw, 600px\" \/><\/div><\/div><\/figure><\/div><\/li><\/ul><\/div>","protected":false},"featured_media":1972,"parent":0,"template":"","meta":{"_acf_changed":true,"_kad_blocks_custom_css":"","_kad_blocks_head_custom_js":"","_kad_blocks_body_custom_js":"","_kad_blocks_footer_custom_js":"","_kad_post_transparent":"","_kad_post_title":"","_kad_post_layout":"","_kad_post_sidebar_id":"","_kad_post_content_style":"","_kad_post_vertical_padding":"","_kad_post_feature":"","_kad_post_feature_position":"","_kad_post_header":false,"_kad_post_footer":false,"_kad_post_classname":""},"tags":[],"product-category":[7,41],"class_list":["post-1981","product","type-product","status-publish","has-post-thumbnail","hentry","product-category-attachments","product-category-telehandler-attachments"],"acf":[],"taxonomy_info":{"product-category":[{"value":7,"label":"Attachments"},{"value":41,"label":"Telehandler Attachments"}]},"featured_image_src_large":["https:\/\/vansecm.com\/wp-content\/uploads\/2026\/01\/forklift.jpg",1000,500,false],"author_info":[],"comment_info":"","_links":{"self":[{"href":"https:\/\/vansecm.com\/fr\/wp-json\/wp\/v2\/product\/1981","targetHints":{"allow":["GET"]}}],"collection":[{"href":"https:\/\/vansecm.com\/fr\/wp-json\/wp\/v2\/product"}],"about":[{"href":"https:\/\/vansecm.com\/fr\/wp-json\/wp\/v2\/types\/product"}],"wp:featuredmedia":[{"embeddable":true,"href":"https:\/\/vansecm.com\/fr\/wp-json\/wp\/v2\/media\/1972"}],"wp:attachment":[{"href":"https:\/\/vansecm.com\/fr\/wp-json\/wp\/v2\/media?parent=1981"}],"wp:term":[{"taxonomy":"post_tag","embeddable":true,"href":"https:\/\/vansecm.com\/fr\/wp-json\/wp\/v2\/tags?post=1981"},{"taxonomy":"product-category","embeddable":true,"href":"https:\/\/vansecm.com\/fr\/wp-json\/wp\/v2\/product-category?post=1981"}],"curies":[{"name":"wp","href":"https:\/\/api.w.org\/{rel}","templated":true}]}}