{"id":1979,"date":"2026-01-02T01:28:40","date_gmt":"2026-01-02T01:28:40","guid":{"rendered":"https:\/\/demo.ezask.cn\/?post_type=product&#038;p=1979"},"modified":"2026-03-30T06:37:08","modified_gmt":"2026-03-30T06:37:08","slug":"attach-mixed-hay-clip","status":"publish","type":"product","link":"https:\/\/vansecm.com\/fr\/product\/attach-mixed-hay-clip\/","title":{"rendered":"Pince \u00e0 fourrage mixte"},"content":{"rendered":"<p>Pince \u00e0 foin d\u00e9di\u00e9e avec conception \u00e0 dents arqu\u00e9es, agrippant fermement foin mixte, ensilage, paille et autres mat\u00e9riaux fourragers, les emp\u00eachant de se disperser lors de la prise. Le grand angle d\u2019ouverture des bras de pince s\u2019adapte \u00e0 diff\u00e9rents volumes de foin, am\u00e9liorant l\u2019efficacit\u00e9 de manutention.<\/p>\n\n\n\n<p>Sc\u00e9narios d\u2019Application : Chargement, d\u00e9chargement, transfert et stockage de foin dans les ranchs et minoteries, s\u2019adaptant aux besoins de gestion fourrag\u00e8re des \u00e9levages \u00e0 grande \u00e9chelle, particuli\u00e8rement adapt\u00e9 au renouvellement de foin dans les grandes fermes d\u2019\u00e9levage.<\/p>\n\n\n<style>.wp-block-kadence-advancedgallery .kb-gallery-type-grid.kb-gallery-id-1979_4f6b9d-a8{margin:-10px;}.kb-gallery-type-grid.kb-gallery-id-1979_4f6b9d-a8 .kadence-blocks-gallery-item{padding:10px;}.kb-gallery-id-1979_4f6b9d-a8 .kadence-blocks-gallery-item .kb-gal-image-radius, .kb-gallery-id-1979_4f6b9d-a8 .kb-slide-item .kb-gal-image-radius img{border-radius:0px 0px 0px 0px;;}<\/style><div class=\"kb-gallery-wrap-id-1979_4f6b9d-a8 alignnone wp-block-kadence-advancedgallery\"><ul class=\"kb-gallery-ul kb-gallery-non-static kb-gallery-type-grid kb-gallery-id-1979_4f6b9d-a8 kb-gallery-caption-style-bottom-hover kb-gallery-filter-none\" data-image-filter=\"none\" data-item-selector=\".kadence-blocks-gallery-item\" data-lightbox-caption=\"true\" data-columns-xxl=\"2\" data-columns-xl=\"2\" data-columns-md=\"2\" data-columns-sm=\"2\" data-columns-xs=\"1\" data-columns-ss=\"1\"><li class=\"kadence-blocks-gallery-item\" tabindex=\"0\"><div class=\"kadence-blocks-gallery-item-inner\"><figure class=\"kb-gallery-figure kadence-blocks-gallery-item-hide-caption\"><div class=\"kb-gal-image-radius\"><div class=\"kb-gallery-image-contain kadence-blocks-gallery-intrinsic kb-gallery-image-ratio-square kb-has-image-ratio-square\" ><img loading=\"lazy\" decoding=\"async\" width=\"600\" height=\"600\" src=\"https:\/\/vansecm.com\/wp-content\/uploads\/2026\/01\/mixed-hay-clip-2.jpg\"   alt=\"\" data-full-image=\"https:\/\/vansecm.com\/wp-content\/uploads\/2026\/01\/mixed-hay-clip-2.jpg\" data-light-image=\"https:\/\/vansecm.com\/wp-content\/uploads\/2026\/01\/mixed-hay-clip-2.jpg\" data-id=\"3035\" class=\"wp-image-3035\" srcset=\"https:\/\/vansecm.com\/wp-content\/uploads\/2026\/01\/mixed-hay-clip-2.jpg 600w, https:\/\/vansecm.com\/wp-content\/uploads\/2026\/01\/mixed-hay-clip-2-300x300.jpg 300w, https:\/\/vansecm.com\/wp-content\/uploads\/2026\/01\/mixed-hay-clip-2-150x150.jpg 150w, https:\/\/vansecm.com\/wp-content\/uploads\/2026\/01\/mixed-hay-clip-2-12x12.jpg 12w\" sizes=\"auto, (max-width: 600px) 100vw, 600px\" \/><\/div><\/div><\/figure><\/div><\/li><li class=\"kadence-blocks-gallery-item\" tabindex=\"0\"><div class=\"kadence-blocks-gallery-item-inner\"><figure class=\"kb-gallery-figure kadence-blocks-gallery-item-hide-caption\"><div class=\"kb-gal-image-radius\"><div class=\"kb-gallery-image-contain kadence-blocks-gallery-intrinsic kb-gallery-image-ratio-square kb-has-image-ratio-square\" ><img loading=\"lazy\" decoding=\"async\" width=\"600\" height=\"600\" src=\"https:\/\/vansecm.com\/wp-content\/uploads\/2026\/01\/mixed-hay-clip-1-1.jpg\"   alt=\"\" data-full-image=\"https:\/\/vansecm.com\/wp-content\/uploads\/2026\/01\/mixed-hay-clip-1-1.jpg\" data-light-image=\"https:\/\/vansecm.com\/wp-content\/uploads\/2026\/01\/mixed-hay-clip-1-1.jpg\" data-id=\"3034\" class=\"wp-image-3034\" srcset=\"https:\/\/vansecm.com\/wp-content\/uploads\/2026\/01\/mixed-hay-clip-1-1.jpg 600w, https:\/\/vansecm.com\/wp-content\/uploads\/2026\/01\/mixed-hay-clip-1-1-300x300.jpg 300w, https:\/\/vansecm.com\/wp-content\/uploads\/2026\/01\/mixed-hay-clip-1-1-150x150.jpg 150w, https:\/\/vansecm.com\/wp-content\/uploads\/2026\/01\/mixed-hay-clip-1-1-12x12.jpg 12w\" sizes=\"auto, (max-width: 600px) 100vw, 600px\" \/><\/div><\/div><\/figure><\/div><\/li><\/ul><\/div>","protected":false},"featured_media":1973,"parent":0,"template":"","meta":{"_acf_changed":true,"_kad_blocks_custom_css":"","_kad_blocks_head_custom_js":"","_kad_blocks_body_custom_js":"","_kad_blocks_footer_custom_js":"","_kad_post_transparent":"","_kad_post_title":"","_kad_post_layout":"","_kad_post_sidebar_id":"","_kad_post_content_style":"","_kad_post_vertical_padding":"","_kad_post_feature":"","_kad_post_feature_position":"","_kad_post_header":false,"_kad_post_footer":false,"_kad_post_classname":""},"tags":[],"product-category":[7,41],"class_list":["post-1979","product","type-product","status-publish","has-post-thumbnail","hentry","product-category-attachments","product-category-telehandler-attachments"],"acf":[],"taxonomy_info":{"product-category":[{"value":7,"label":"Attachments"},{"value":41,"label":"Telehandler Attachments"}]},"featured_image_src_large":["https:\/\/vansecm.com\/wp-content\/uploads\/2026\/01\/mixed-hay-clip.jpg",1000,500,false],"author_info":[],"comment_info":"","_links":{"self":[{"href":"https:\/\/vansecm.com\/fr\/wp-json\/wp\/v2\/product\/1979","targetHints":{"allow":["GET"]}}],"collection":[{"href":"https:\/\/vansecm.com\/fr\/wp-json\/wp\/v2\/product"}],"about":[{"href":"https:\/\/vansecm.com\/fr\/wp-json\/wp\/v2\/types\/product"}],"wp:featuredmedia":[{"embeddable":true,"href":"https:\/\/vansecm.com\/fr\/wp-json\/wp\/v2\/media\/1973"}],"wp:attachment":[{"href":"https:\/\/vansecm.com\/fr\/wp-json\/wp\/v2\/media?parent=1979"}],"wp:term":[{"taxonomy":"post_tag","embeddable":true,"href":"https:\/\/vansecm.com\/fr\/wp-json\/wp\/v2\/tags?post=1979"},{"taxonomy":"product-category","embeddable":true,"href":"https:\/\/vansecm.com\/fr\/wp-json\/wp\/v2\/product-category?post=1979"}],"curies":[{"name":"wp","href":"https:\/\/api.w.org\/{rel}","templated":true}]}}