{"id":3,"date":"2025-11-25T08:49:17","date_gmt":"2025-11-25T08:49:17","guid":{"rendered":"http:\/\/demo.ezask.cn\/?page_id=3"},"modified":"2026-03-18T03:10:50","modified_gmt":"2026-03-18T03:10:50","slug":"privacy-policy","status":"publish","type":"page","link":"https:\/\/vansecm.com\/fr\/privacy-policy\/","title":{"rendered":"Politique de confidentialit\u00e9"},"content":{"rendered":"<p><strong>Date d\u2019effet :<\/strong> 2025\/11\/25<\/p>\n\n\n\n<h3 class=\"wp-block-heading\">1. Introduction<\/h3>\n\n\n\n<p>Vanse (\u00ab nous \u00bb, \u00ab notre \u00bb ou \u00ab nos \u00bb) s\u2019engage \u00e0 prot\u00e9ger votre vie priv\u00e9e et \u00e0 veiller \u00e0 ce que vos donn\u00e9es personnelles soient trait\u00e9es de mani\u00e8re s\u00fbre et responsable.<\/p>\n\n\n\n<p>La pr\u00e9sente politique de confidentialit\u00e9 explique la mani\u00e8re dont nous collectons, utilisons, divulguons et prot\u00e9geons vos informations lorsque vous visitez notre site web.<\/p>\n\n\n\n<h3 class=\"wp-block-heading\">2. Informations que nous collectons<\/h3>\n\n\n\n<p>Nous pouvons collecter et traiter les types d\u2019informations suivants :<\/p>\n\n\n\n<h4 class=\"wp-block-heading\">2.1 Informations personnelles<\/h4>\n\n\n\n<p>Informations que vous fournissez volontairement, notamment :<\/p>\n\n\n\n<ul class=\"wp-block-list\">\n<li>Nom et pr\u00e9nom<\/li>\n\n\n\n<li>Adresse e-mail<\/li>\n\n\n\n<li>Num\u00e9ro de t\u00e9l\u00e9phone<\/li>\n\n\n\n<li>Nom de l\u2019entreprise<\/li>\n\n\n\n<li>Toute autre information soumise via des formulaires ou des demandes<\/li>\n<\/ul>\n\n\n\n<h4 class=\"wp-block-heading\">2.2 Donn\u00e9es collect\u00e9es automatiquement<\/h4>\n\n\n\n<p>Lorsque vous visitez notre site web, nous pouvons collecter automatiquement :<\/p>\n\n\n\n<ul class=\"wp-block-list\">\n<li>Adresse IP<\/li>\n\n\n\n<li>Type et version du navigateur<\/li>\n\n\n\n<li>Informations sur l\u2019appareil<\/li>\n\n\n\n<li>Pages visit\u00e9es et temps pass\u00e9<\/li>\n\n\n\n<li>Site web de renvoi<\/li>\n<\/ul>\n\n\n\n<h3 class=\"wp-block-heading\">3. Utilisation de vos informations<\/h3>\n\n\n\n<p>Nous utilisons les donn\u00e9es collect\u00e9es aux fins suivantes :<\/p>\n\n\n\n<ul class=\"wp-block-list\">\n<li>R\u00e9pondre \u00e0 vos demandes et requ\u00eates<\/li>\n\n\n\n<li>Fournir des devis ou des informations sur les produits<\/li>\n\n\n\n<li>Am\u00e9liorer les performances du site web et l\u2019exp\u00e9rience utilisateur<\/li>\n\n\n\n<li>Communiquer des mises \u00e0 jour, des services ou du contenu promotionnel (le cas \u00e9ch\u00e9ant)<\/li>\n\n\n\n<li>Respecter les obligations l\u00e9gales<\/li>\n<\/ul>\n\n\n\n<h3 class=\"wp-block-heading\">4. Base l\u00e9gale du traitement (RGPD)<\/h3>\n\n\n\n<p>Si vous r\u00e9sidez dans l\u2019Espace \u00e9conomique europ\u00e9en (EEE), nous traitons vos donn\u00e9es sur la base suivante :<\/p>\n\n\n\n<ul class=\"wp-block-list\">\n<li>Votre consentement<\/li>\n\n\n\n<li>La n\u00e9cessit\u00e9 d\u2019ex\u00e9cuter un contrat<\/li>\n\n\n\n<li>Le respect des obligations l\u00e9gales<\/li>\n\n\n\n<li>Les int\u00e9r\u00eats l\u00e9gitimes de l\u2019entreprise<\/li>\n<\/ul>\n\n\n\n<h3 class=\"wp-block-heading\">5. Cookies et technologies de suivi<\/h3>\n\n\n\n<p>Nous utilisons des cookies et des technologies similaires pour :<\/p>\n\n\n\n<ul class=\"wp-block-list\">\n<li>Am\u00e9liorer les fonctionnalit\u00e9s du site web<\/li>\n\n\n\n<li>Analyser le trafic et l\u2019utilisation du site web<\/li>\n\n\n\n<li>Optimiser l\u2019exp\u00e9rience utilisateur<\/li>\n<\/ul>\n\n\n\n<p>Vous pouvez d\u00e9sactiver les cookies via les param\u00e8tres de votre navigateur. Cependant, certaines fonctionnalit\u00e9s du site web risquent de ne pas fonctionner correctement.<\/p>\n\n\n\n<h3 class=\"wp-block-heading\">6. Partage et divulgation des donn\u00e9es<\/h3>\n\n\n\n<p>Nous ne vendons, ne louons ni n\u2019\u00e9changeons vos donn\u00e9es personnelles.<\/p>\n\n\n\n<p>Nous pouvons partager vos informations avec :<\/p>\n\n\n\n<ul class=\"wp-block-list\">\n<li>Des prestataires de services de confiance (p. ex. h\u00e9bergement, analyse)<\/li>\n\n\n\n<li>Les autorit\u00e9s l\u00e9gales si la loi l\u2019exige<\/li>\n\n\n\n<li>Des partenaires commerciaux lorsque cela est n\u00e9cessaire pour r\u00e9pondre \u00e0 votre demande<\/li>\n<\/ul>\n\n\n\n<p>Tous les tiers sont tenus de prot\u00e9ger vos donn\u00e9es.<\/p>\n\n\n\n<h3 class=\"wp-block-heading\">7. Transferts internationaux de donn\u00e9es<\/h3>\n\n\n\n<p>En tant qu\u2019entreprise internationale, vos informations peuvent \u00eatre transf\u00e9r\u00e9es et trait\u00e9es dans des pays situ\u00e9s en dehors de votre juridiction.<\/p>\n\n\n\n<p>Nous veillons \u00e0 ce que des garanties appropri\u00e9es soient mises en place pour prot\u00e9ger vos donn\u00e9es.<\/p>\n\n\n\n<h3 class=\"wp-block-heading\">8. Conservation des donn\u00e9es<\/h3>\n\n\n\n<p>Nous conservons vos donn\u00e9es personnelles uniquement aussi longtemps que n\u00e9cessaire pour :<\/p>\n\n\n\n<ul class=\"wp-block-list\">\n<li>Atteindre les finalit\u00e9s d\u00e9crites dans la pr\u00e9sente politique<\/li>\n\n\n\n<li>Respecter les obligations l\u00e9gales<\/li>\n\n\n\n<li>R\u00e9gler les litiges et faire respecter les accords<\/li>\n<\/ul>\n\n\n\n<h3 class=\"wp-block-heading\">9. S\u00e9curit\u00e9 des donn\u00e9es<\/h3>\n\n\n\n<p>Nous mettons en \u0153uvre des mesures techniques et organisationnelles appropri\u00e9es pour prot\u00e9ger vos donn\u00e9es contre tout acc\u00e8s, toute modification, toute divulgation ou toute destruction non autoris\u00e9s.<\/p>\n\n\n\n<h3 class=\"wp-block-heading\">10. Vos droits<\/h3>\n\n\n\n<p>Selon votre localisation, vous disposez des droits suivants :<\/p>\n\n\n\n<ul class=\"wp-block-list\">\n<li>Acc\u00e9der \u00e0 vos donn\u00e9es personnelles<\/li>\n\n\n\n<li>Demander la correction de donn\u00e9es inexactes<\/li>\n\n\n\n<li>Demander la suppression de vos donn\u00e9es<\/li>\n\n\n\n<li>Limiter ou vous opposer au traitement<\/li>\n\n\n\n<li>Retirer votre consentement \u00e0 tout moment<\/li>\n<\/ul>\n\n\n\n<p>Pour exercer vos droits, veuillez nous contacter.<\/p>\n\n\n\n<h3 class=\"wp-block-heading\">11. Liens vers des sites tiers<\/h3>\n\n\n\n<p>Notre site web peut contenir des liens vers des sites web externes.<br>Nous ne sommes pas responsables des pratiques en mati\u00e8re de confidentialit\u00e9 ou du contenu de ces sites web.<\/p>\n\n\n\n<h3 class=\"wp-block-heading\">12. Vie priv\u00e9e des enfants<\/h3>\n\n\n\n<p>Nos services ne s\u2019adressent pas aux personnes de moins de 16 ans.<br>Nous ne collectons pas sciemment de donn\u00e9es personnelles aupr\u00e8s d\u2019enfants.<\/p>\n\n\n\n<h3 class=\"wp-block-heading\">13. Mises \u00e0 jour de la pr\u00e9sente politique de confidentialit\u00e9<\/h3>\n\n\n\n<p>Nous pouvons mettre \u00e0 jour p\u00e9riodiquement la pr\u00e9sente politique de confidentialit\u00e9.<br>Les modifications seront publi\u00e9es sur cette page avec une nouvelle date d\u2019effet.<\/p>\n\n\n\n<h3 class=\"wp-block-heading\">14. Coordonn\u00e9es<\/h3>\n\n\n\n<p>Si vous avez des questions ou des pr\u00e9occupations concernant la pr\u00e9sente politique de confidentialit\u00e9, veuillez nous contacter :<\/p>\n\n\n\n<p><strong>Nom de l\u2019entreprise :<\/strong> Vanse Group<br><strong>E-mail :<\/strong> <a>sales015@vanse.cc<\/a><br><strong>T\u00e9l\u00e9phone \/ WhatsApp :<\/strong> (+86) 184 6214 6182<br><strong>Adresse :<\/strong> No 88, rue Chuangye, zone de d\u00e9veloppement \u00e9conomique de Yanzhou, ville de Jining, province du Shandong, Chine<\/p>\n\n\n\n<h3 class=\"wp-block-heading\">15. D\u00e9claration de conformit\u00e9 au RGPD<\/h3>\n\n\n\n<p>Nous nous engageons \u00e0 respecter le r\u00e8glement g\u00e9n\u00e9ral sur la protection des donn\u00e9es (RGPD) et \u00e0 veiller \u00e0 ce que vos donn\u00e9es soient trait\u00e9es de mani\u00e8re licite, transparente et s\u00e9curis\u00e9e.<\/p>","protected":false},"excerpt":{"rendered":"<p>Date d\u2019effet : 2025\/11\/25 1. Introduction Vanse (\u00ab nous \u00bb, \u00ab notre \u00bb ou \u00ab nos \u00bb) s\u2019engage \u00e0 prot\u00e9ger votre vie priv\u00e9e et \u00e0 veiller \u00e0 ce que vos donn\u00e9es personnelles soient trait\u00e9es de mani\u00e8re s\u00fbre et responsable. La pr\u00e9sente politique de confidentialit\u00e9 explique la mani\u00e8re dont nous collectons, utilisons, divulguons et prot\u00e9geons vos informations lorsque vous visitez notre site web. 2. Informations que nous collectons Nous pouvons collecter\u2026<\/p>","protected":false},"author":1,"featured_media":0,"parent":0,"menu_order":0,"comment_status":"closed","ping_status":"open","template":"","meta":{"_acf_changed":false,"_kad_blocks_custom_css":"","_kad_blocks_head_custom_js":"","_kad_blocks_body_custom_js":"","_kad_blocks_footer_custom_js":"","_kad_post_transparent":"","_kad_post_title":"show","_kad_post_layout":"normal","_kad_post_sidebar_id":"","_kad_post_content_style":"boxed","_kad_post_vertical_padding":"show","_kad_post_feature":"","_kad_post_feature_position":"","_kad_post_header":false,"_kad_post_footer":false,"_kad_post_classname":"","footnotes":""},"class_list":["post-3","page","type-page","status-publish","hentry"],"acf":[],"taxonomy_info":[],"featured_image_src_large":false,"author_info":{"display_name":"yiyunyingalex","author_link":"https:\/\/vansecm.com\/fr\/author\/yiyunyingalex\/"},"comment_info":"","_links":{"self":[{"href":"https:\/\/vansecm.com\/fr\/wp-json\/wp\/v2\/pages\/3","targetHints":{"allow":["GET"]}}],"collection":[{"href":"https:\/\/vansecm.com\/fr\/wp-json\/wp\/v2\/pages"}],"about":[{"href":"https:\/\/vansecm.com\/fr\/wp-json\/wp\/v2\/types\/page"}],"author":[{"embeddable":true,"href":"https:\/\/vansecm.com\/fr\/wp-json\/wp\/v2\/users\/1"}],"replies":[{"embeddable":true,"href":"https:\/\/vansecm.com\/fr\/wp-json\/wp\/v2\/comments?post=3"}],"version-history":[{"count":3,"href":"https:\/\/vansecm.com\/fr\/wp-json\/wp\/v2\/pages\/3\/revisions"}],"predecessor-version":[{"id":3325,"href":"https:\/\/vansecm.com\/fr\/wp-json\/wp\/v2\/pages\/3\/revisions\/3325"}],"wp:attachment":[{"href":"https:\/\/vansecm.com\/fr\/wp-json\/wp\/v2\/media?parent=3"}],"curies":[{"name":"wp","href":"https:\/\/api.w.org\/{rel}","templated":true}]}}