{"id":1988,"date":"2026-01-02T01:21:07","date_gmt":"2026-01-02T01:21:07","guid":{"rendered":"https:\/\/demo.ezask.cn\/?post_type=product&#038;p=1988"},"modified":"2026-03-30T06:37:21","modified_gmt":"2026-03-30T06:37:21","slug":"attach-silage-feeding-hopper","status":"publish","type":"product","link":"https:\/\/vansecm.com\/es\/product\/attach-silage-feeding-hopper\/","title":{"rendered":"Tolva de Alimentaci\u00f3n de Ensilado"},"content":{"rendered":"<p>Dise\u00f1o de tolva sellada equipada con v\u00e1lvula dosificadora precisa y dispositivo antiatascos para controlar la cantidad de ensilaje dispensado, evitando desperdicios y obstrucciones. La pared interior lisa de la tolva facilita la limpieza, asegurando higiene en el alimento.<\/p>\n\n\n\n<p>Escenarios de Aplicaci\u00f3n: Sistemas de alimentaci\u00f3n automatizada en ranchos, logrando una dispensaci\u00f3n eficiente e higi\u00e9nica de alimento, adecuada para escenarios de ganader\u00eda a gran escala como vacas lecheras, ganado bovino y ovejas, mejorando la eficiencia de alimentaci\u00f3n y la salud animal.<\/p>\n\n\n<style>.wp-block-kadence-advancedgallery .kb-gallery-type-grid.kb-gallery-id-1988_352a3c-5d{margin:-5px;}.kb-gallery-type-grid.kb-gallery-id-1988_352a3c-5d .kadence-blocks-gallery-item{padding:5px;}.kb-gallery-id-1988_352a3c-5d .kadence-blocks-gallery-item .kb-gal-image-radius, .kb-gallery-id-1988_352a3c-5d .kb-slide-item .kb-gal-image-radius img{border-radius:0px 0px 0px 0px;;}<\/style><div class=\"kb-gallery-wrap-id-1988_352a3c-5d alignnone wp-block-kadence-advancedgallery\"><ul class=\"kb-gallery-ul kb-gallery-non-static kb-gallery-type-grid kb-gallery-id-1988_352a3c-5d kb-gallery-caption-style-bottom-hover kb-gallery-filter-none\" data-image-filter=\"none\" data-item-selector=\".kadence-blocks-gallery-item\" data-lightbox-caption=\"true\" data-columns-xxl=\"2\" data-columns-xl=\"2\" data-columns-md=\"2\" data-columns-sm=\"2\" data-columns-xs=\"1\" data-columns-ss=\"1\"><li class=\"kadence-blocks-gallery-item\" tabindex=\"0\"><div class=\"kadence-blocks-gallery-item-inner\"><figure class=\"kb-gallery-figure kadence-blocks-gallery-item-hide-caption\"><div class=\"kb-gal-image-radius\"><div class=\"kb-gallery-image-contain kadence-blocks-gallery-intrinsic kb-gallery-image-ratio-land43 kb-has-image-ratio-land43\" ><img loading=\"lazy\" decoding=\"async\" src=\"https:\/\/vansecm.com\/wp-content\/uploads\/2026\/01\/silage-feeding-hopper-1-1.jpg\" width=\"600\" height=\"600\" alt=\"\" data-full-image=\"https:\/\/vansecm.com\/wp-content\/uploads\/2026\/01\/silage-feeding-hopper-1-1.jpg\" data-light-image=\"https:\/\/vansecm.com\/wp-content\/uploads\/2026\/01\/silage-feeding-hopper-1-1.jpg\" data-id=\"3041\" class=\"wp-image-3041\" srcset=\"https:\/\/vansecm.com\/wp-content\/uploads\/2026\/01\/silage-feeding-hopper-1-1.jpg 600w, https:\/\/vansecm.com\/wp-content\/uploads\/2026\/01\/silage-feeding-hopper-1-1-300x300.jpg 300w, https:\/\/vansecm.com\/wp-content\/uploads\/2026\/01\/silage-feeding-hopper-1-1-150x150.jpg 150w, https:\/\/vansecm.com\/wp-content\/uploads\/2026\/01\/silage-feeding-hopper-1-1-12x12.jpg 12w\" sizes=\"auto, (max-width: 600px) 100vw, 600px\" \/><\/div><\/div><\/figure><\/div><\/li><li class=\"kadence-blocks-gallery-item\" tabindex=\"0\"><div class=\"kadence-blocks-gallery-item-inner\"><figure class=\"kb-gallery-figure kadence-blocks-gallery-item-hide-caption\"><div class=\"kb-gal-image-radius\"><div class=\"kb-gallery-image-contain kadence-blocks-gallery-intrinsic kb-gallery-image-ratio-land43 kb-has-image-ratio-land43\" ><img loading=\"lazy\" decoding=\"async\" src=\"https:\/\/vansecm.com\/wp-content\/uploads\/2026\/01\/silage-feeding-hopper-2.jpg\" width=\"600\" height=\"600\" alt=\"\" data-full-image=\"https:\/\/vansecm.com\/wp-content\/uploads\/2026\/01\/silage-feeding-hopper-2.jpg\" data-light-image=\"https:\/\/vansecm.com\/wp-content\/uploads\/2026\/01\/silage-feeding-hopper-2.jpg\" data-id=\"3038\" class=\"wp-image-3038\" srcset=\"https:\/\/vansecm.com\/wp-content\/uploads\/2026\/01\/silage-feeding-hopper-2.jpg 600w, https:\/\/vansecm.com\/wp-content\/uploads\/2026\/01\/silage-feeding-hopper-2-300x300.jpg 300w, https:\/\/vansecm.com\/wp-content\/uploads\/2026\/01\/silage-feeding-hopper-2-150x150.jpg 150w, https:\/\/vansecm.com\/wp-content\/uploads\/2026\/01\/silage-feeding-hopper-2-12x12.jpg 12w\" sizes=\"auto, (max-width: 600px) 100vw, 600px\" \/><\/div><\/div><\/figure><\/div><\/li><\/ul><\/div>","protected":false},"featured_media":1966,"parent":0,"template":"","meta":{"_acf_changed":true,"_kad_blocks_custom_css":"","_kad_blocks_head_custom_js":"","_kad_blocks_body_custom_js":"","_kad_blocks_footer_custom_js":"","_kad_post_transparent":"","_kad_post_title":"","_kad_post_layout":"","_kad_post_sidebar_id":"","_kad_post_content_style":"","_kad_post_vertical_padding":"","_kad_post_feature":"","_kad_post_feature_position":"","_kad_post_header":false,"_kad_post_footer":false,"_kad_post_classname":""},"tags":[],"product-category":[7,41],"class_list":["post-1988","product","type-product","status-publish","has-post-thumbnail","hentry","product-category-attachments","product-category-telehandler-attachments"],"acf":[],"taxonomy_info":{"product-category":[{"value":7,"label":"Attachments"},{"value":41,"label":"Telehandler Attachments"}]},"featured_image_src_large":["https:\/\/vansecm.com\/wp-content\/uploads\/2026\/01\/silage-feeding-hopper.jpg",1000,500,false],"author_info":[],"comment_info":"","_links":{"self":[{"href":"https:\/\/vansecm.com\/es\/wp-json\/wp\/v2\/product\/1988","targetHints":{"allow":["GET"]}}],"collection":[{"href":"https:\/\/vansecm.com\/es\/wp-json\/wp\/v2\/product"}],"about":[{"href":"https:\/\/vansecm.com\/es\/wp-json\/wp\/v2\/types\/product"}],"wp:featuredmedia":[{"embeddable":true,"href":"https:\/\/vansecm.com\/es\/wp-json\/wp\/v2\/media\/1966"}],"wp:attachment":[{"href":"https:\/\/vansecm.com\/es\/wp-json\/wp\/v2\/media?parent=1988"}],"wp:term":[{"taxonomy":"post_tag","embeddable":true,"href":"https:\/\/vansecm.com\/es\/wp-json\/wp\/v2\/tags?post=1988"},{"taxonomy":"product-category","embeddable":true,"href":"https:\/\/vansecm.com\/es\/wp-json\/wp\/v2\/product-category?post=1988"}],"curies":[{"name":"wp","href":"https:\/\/api.w.org\/{rel}","templated":true}]}}