{"id":1983,"date":"2026-01-02T01:25:34","date_gmt":"2026-01-02T01:25:34","guid":{"rendered":"https:\/\/demo.ezask.cn\/?post_type=product&#038;p=1983"},"modified":"2026-03-30T06:37:36","modified_gmt":"2026-03-30T06:37:36","slug":"attach-tire-clamp","status":"publish","type":"product","link":"https:\/\/vansecm.com\/es\/product\/attach-tire-clamp\/","title":{"rendered":"Pinza para Neum\u00e1ticos"},"content":{"rendered":"<p>Pinza especializada para neum\u00e1ticos con dientes antideslizantes y dise\u00f1o de accionamiento hidr\u00e1ulico, agarra firmemente neum\u00e1ticos de diferentes tama\u00f1os, previniendo resbalones y deformaciones. El gran \u00e1ngulo de apertura del brazo de la pinza acomoda diversos tipos de neum\u00e1ticos, incluidos los de turismos, camiones y maquinaria de construcci\u00f3n.<\/p>\n\n\n\n<p>Aplicaciones: Operaciones de carga, descarga, transferencia e instalaci\u00f3n de neum\u00e1ticos en f\u00e1bricas de neum\u00e1ticos, talleres de reparaci\u00f3n automotriz, centros log\u00edsticos y talleres de fabricaci\u00f3n de autom\u00f3viles, mejorando la seguridad y eficiencia en el manejo de neum\u00e1ticos mientras reduce la intensidad laboral manual.<\/p>\n\n\n<style>.wp-block-kadence-advancedgallery .kb-gallery-type-grid.kb-gallery-id-1983_57c91c-92{margin:-10px;}.kb-gallery-type-grid.kb-gallery-id-1983_57c91c-92 .kadence-blocks-gallery-item{padding:10px;}.kb-gallery-id-1983_57c91c-92 .kadence-blocks-gallery-item .kb-gal-image-radius, .kb-gallery-id-1983_57c91c-92 .kb-slide-item .kb-gal-image-radius img{border-radius:0px 0px 0px 0px;;}<\/style><div class=\"kb-gallery-wrap-id-1983_57c91c-92 alignnone wp-block-kadence-advancedgallery\"><ul class=\"kb-gallery-ul kb-gallery-non-static kb-gallery-type-grid kb-gallery-id-1983_57c91c-92 kb-gallery-caption-style-bottom-hover kb-gallery-filter-none\" data-image-filter=\"none\" data-item-selector=\".kadence-blocks-gallery-item\" data-lightbox-caption=\"true\" data-columns-xxl=\"2\" data-columns-xl=\"2\" data-columns-md=\"2\" data-columns-sm=\"2\" data-columns-xs=\"1\" data-columns-ss=\"1\"><li class=\"kadence-blocks-gallery-item\" tabindex=\"0\"><div class=\"kadence-blocks-gallery-item-inner\"><figure class=\"kb-gallery-figure kadence-blocks-gallery-item-hide-caption\"><div class=\"kb-gal-image-radius\"><div class=\"kb-gallery-image-contain kadence-blocks-gallery-intrinsic kb-gallery-image-ratio-land32 kb-has-image-ratio-land32\" ><img loading=\"lazy\" decoding=\"async\" src=\"https:\/\/vansecm.com\/wp-content\/uploads\/2026\/01\/Tire-Clamp-1-1.jpg\" width=\"1000\" height=\"1000\" alt=\"\" data-full-image=\"https:\/\/vansecm.com\/wp-content\/uploads\/2026\/01\/Tire-Clamp-1-1.jpg\" data-light-image=\"https:\/\/vansecm.com\/wp-content\/uploads\/2026\/01\/Tire-Clamp-1-1.jpg\" data-id=\"3058\" class=\"wp-image-3058\" srcset=\"https:\/\/vansecm.com\/wp-content\/uploads\/2026\/01\/Tire-Clamp-1-1.jpg 1000w, https:\/\/vansecm.com\/wp-content\/uploads\/2026\/01\/Tire-Clamp-1-1-300x300.jpg 300w, https:\/\/vansecm.com\/wp-content\/uploads\/2026\/01\/Tire-Clamp-1-1-150x150.jpg 150w, https:\/\/vansecm.com\/wp-content\/uploads\/2026\/01\/Tire-Clamp-1-1-768x768.jpg 768w, https:\/\/vansecm.com\/wp-content\/uploads\/2026\/01\/Tire-Clamp-1-1-12x12.jpg 12w\" sizes=\"auto, (max-width: 1000px) 100vw, 1000px\" \/><\/div><\/div><\/figure><\/div><\/li><li class=\"kadence-blocks-gallery-item\" tabindex=\"0\"><div class=\"kadence-blocks-gallery-item-inner\"><figure class=\"kb-gallery-figure kadence-blocks-gallery-item-hide-caption\"><div class=\"kb-gal-image-radius\"><div class=\"kb-gallery-image-contain kadence-blocks-gallery-intrinsic kb-gallery-image-ratio-land32 kb-has-image-ratio-land32\" ><img loading=\"lazy\" decoding=\"async\" src=\"https:\/\/vansecm.com\/wp-content\/uploads\/2026\/01\/Tire-Clamp-2.jpg\" width=\"1000\" height=\"1000\" alt=\"\" data-full-image=\"https:\/\/vansecm.com\/wp-content\/uploads\/2026\/01\/Tire-Clamp-2.jpg\" data-light-image=\"https:\/\/vansecm.com\/wp-content\/uploads\/2026\/01\/Tire-Clamp-2.jpg\" data-id=\"3057\" class=\"wp-image-3057\" srcset=\"https:\/\/vansecm.com\/wp-content\/uploads\/2026\/01\/Tire-Clamp-2.jpg 1000w, https:\/\/vansecm.com\/wp-content\/uploads\/2026\/01\/Tire-Clamp-2-300x300.jpg 300w, https:\/\/vansecm.com\/wp-content\/uploads\/2026\/01\/Tire-Clamp-2-150x150.jpg 150w, https:\/\/vansecm.com\/wp-content\/uploads\/2026\/01\/Tire-Clamp-2-768x768.jpg 768w, https:\/\/vansecm.com\/wp-content\/uploads\/2026\/01\/Tire-Clamp-2-12x12.jpg 12w\" sizes=\"auto, (max-width: 1000px) 100vw, 1000px\" \/><\/div><\/div><\/figure><\/div><\/li><\/ul><\/div>","protected":false},"featured_media":1970,"parent":0,"template":"","meta":{"_acf_changed":true,"_kad_blocks_custom_css":"","_kad_blocks_head_custom_js":"","_kad_blocks_body_custom_js":"","_kad_blocks_footer_custom_js":"","_kad_post_transparent":"","_kad_post_title":"","_kad_post_layout":"","_kad_post_sidebar_id":"","_kad_post_content_style":"","_kad_post_vertical_padding":"","_kad_post_feature":"","_kad_post_feature_position":"","_kad_post_header":false,"_kad_post_footer":false,"_kad_post_classname":""},"tags":[],"product-category":[7,41],"class_list":["post-1983","product","type-product","status-publish","has-post-thumbnail","hentry","product-category-attachments","product-category-telehandler-attachments"],"acf":[],"taxonomy_info":{"product-category":[{"value":7,"label":"Attachments"},{"value":41,"label":"Telehandler Attachments"}]},"featured_image_src_large":["https:\/\/vansecm.com\/wp-content\/uploads\/2026\/01\/tire-clamp.jpg",1000,500,false],"author_info":[],"comment_info":"","_links":{"self":[{"href":"https:\/\/vansecm.com\/es\/wp-json\/wp\/v2\/product\/1983","targetHints":{"allow":["GET"]}}],"collection":[{"href":"https:\/\/vansecm.com\/es\/wp-json\/wp\/v2\/product"}],"about":[{"href":"https:\/\/vansecm.com\/es\/wp-json\/wp\/v2\/types\/product"}],"wp:featuredmedia":[{"embeddable":true,"href":"https:\/\/vansecm.com\/es\/wp-json\/wp\/v2\/media\/1970"}],"wp:attachment":[{"href":"https:\/\/vansecm.com\/es\/wp-json\/wp\/v2\/media?parent=1983"}],"wp:term":[{"taxonomy":"post_tag","embeddable":true,"href":"https:\/\/vansecm.com\/es\/wp-json\/wp\/v2\/tags?post=1983"},{"taxonomy":"product-category","embeddable":true,"href":"https:\/\/vansecm.com\/es\/wp-json\/wp\/v2\/product-category?post=1983"}],"curies":[{"name":"wp","href":"https:\/\/api.w.org\/{rel}","templated":true}]}}